{"id":7,"date":"2013-03-20T21:58:01","date_gmt":"2013-03-20T20:58:01","guid":{"rendered":"http:\/\/kiralyifalat.hu\/finomfalatok\/?page_id=7"},"modified":"2018-01-14T23:34:55","modified_gmt":"2018-01-14T22:34:55","slug":"kapcsolat","status":"publish","type":"page","link":"http:\/\/kiralyifalat.hu\/finomfalatok\/kapcsolat\/","title":{"rendered":"Kapcsolat"},"content":{"rendered":"<p>H\u00e1zias meleg \u00e9telekkel v\u00e1rjuk Kedves Vend\u00e9geinket a R\u00f3mai-part k\u00f6zel\u00e9ben, a Kir\u00e1lyok \u00fatja 34-ben.<\/p>\n<p>&nbsp;<\/p>\n<p><strong><span style=\"font-family: tahoma,arial,helvetica,sans-serif;\"><span style=\"font-size: 22px;\">Finom Falatok B\u00fcf\u00e9<\/span><\/span><\/strong><br \/>\n1039 Budapest, III. ker\u00fclet, Kir\u00e1lyok \u00fatja 34.<br \/>\n<a href=\"mailto:kiralyifalatok@gmail.com\">kiralyifalatok@gmail.com<\/a><br \/>\n<a href=\"http:\/\/www.kiralyifalat.hu\">www.kiralyifalat.hu<\/a><br \/>\n06 20 469 80 84<br \/>\n06 1 293 18 00<br \/>\n<iframe loading=\"lazy\" src=\"https:\/\/www.google.com\/maps\/embed?pb=!1m18!1m12!1m3!1d2691.403409799964!2d19.063740999999993!3d47.57939500000002!2m3!1f0!2f0!3f0!3m2!1i1024!2i768!4f13.1!3m3!1m2!1s0x4741d9f2bc63139d%3A0x6d273790c53101a8!2zRmlub20gRmFsYXRvayBCw7xmw6k!5e0!3m2!1shu!2shu!4v1422896729059\" width=\"960\" height=\"500\" frameborder=\"0\" style=\"border:0\"><\/iframe><\/p>\n","protected":false},"excerpt":{"rendered":"<p>H\u00e1zias meleg \u00e9telekkel v\u00e1rjuk Kedves Vend\u00e9geinket a R\u00f3mai-part k\u00f6zel\u00e9ben, a Kir\u00e1lyok \u00fatja 34-ben. &nbsp; Finom Falatok B\u00fcf\u00e9 1039 Budapest, III. ker\u00fclet, Kir\u00e1lyok \u00fatja 34. kiralyifalatok@gmail.com www.kiralyifalat.hu 06 20 469 80 84 06 1 293 18 00<\/p>\n","protected":false},"author":5,"featured_media":0,"parent":0,"menu_order":4,"comment_status":"closed","ping_status":"closed","template":"","meta":{"footnotes":""},"class_list":["post-7","page","type-page","status-publish","hentry"],"yoast_head":"<!-- This site is optimized with the Yoast SEO plugin v23.8 - https:\/\/yoast.com\/wordpress\/plugins\/seo\/ -->\n<title>Kapcsolat<\/title>\n<meta name=\"description\" content=\"B\u00fcf\u00e9, R\u00f3mai-part, Kir\u00e1lyok \u00fatja, Budapest, III. ker\u00fclet, \u00d3buda, T\u00e9rk\u00e9p, Telefon, Telefonsz\u00e1m, C\u00edm, Kir\u00e1lyok \u00fatja 34., e-mail, Finom Falatok B\u00fcf\u00e9, Kapcsolat, R\u00f3mai part, R\u00f3maipart\" \/>\n<meta name=\"robots\" content=\"index, follow, max-snippet:-1, max-image-preview:large, max-video-preview:-1\" \/>\n<link rel=\"canonical\" href=\"http:\/\/kiralyifalat.hu\/finomfalatok\/kapcsolat\/\" \/>\n<meta property=\"og:locale\" content=\"hu_HU\" \/>\n<meta property=\"og:type\" content=\"article\" \/>\n<meta property=\"og:title\" content=\"Kapcsolat\" \/>\n<meta property=\"og:description\" content=\"B\u00fcf\u00e9, R\u00f3mai-part, Kir\u00e1lyok \u00fatja, Budapest, III. ker\u00fclet, \u00d3buda, T\u00e9rk\u00e9p, Telefon, Telefonsz\u00e1m, C\u00edm, Kir\u00e1lyok \u00fatja 34., e-mail, Finom Falatok B\u00fcf\u00e9, Kapcsolat, R\u00f3mai part, R\u00f3maipart\" \/>\n<meta property=\"og:url\" content=\"http:\/\/kiralyifalat.hu\/finomfalatok\/kapcsolat\/\" \/>\n<meta property=\"og:site_name\" content=\"Finom Falatok B\u00fcf\u00e9\" \/>\n<meta property=\"article:modified_time\" content=\"2018-01-14T22:34:55+00:00\" \/>\n<script type=\"application\/ld+json\" class=\"yoast-schema-graph\">{\"@context\":\"https:\/\/schema.org\",\"@graph\":[{\"@type\":\"WebPage\",\"@id\":\"http:\/\/kiralyifalat.hu\/finomfalatok\/kapcsolat\/\",\"url\":\"http:\/\/kiralyifalat.hu\/finomfalatok\/kapcsolat\/\",\"name\":\"Kapcsolat\",\"isPartOf\":{\"@id\":\"http:\/\/kiralyifalat.hu\/finomfalatok\/#website\"},\"datePublished\":\"2013-03-20T20:58:01+00:00\",\"dateModified\":\"2018-01-14T22:34:55+00:00\",\"description\":\"B\u00fcf\u00e9, R\u00f3mai-part, Kir\u00e1lyok \u00fatja, Budapest, III. ker\u00fclet, \u00d3buda, T\u00e9rk\u00e9p, Telefon, Telefonsz\u00e1m, C\u00edm, Kir\u00e1lyok \u00fatja 34., e-mail, Finom Falatok B\u00fcf\u00e9, Kapcsolat, R\u00f3mai part, R\u00f3maipart\",\"breadcrumb\":{\"@id\":\"http:\/\/kiralyifalat.hu\/finomfalatok\/kapcsolat\/#breadcrumb\"},\"inLanguage\":\"hu\",\"potentialAction\":[{\"@type\":\"ReadAction\",\"target\":[\"http:\/\/kiralyifalat.hu\/finomfalatok\/kapcsolat\/\"]}]},{\"@type\":\"BreadcrumbList\",\"@id\":\"http:\/\/kiralyifalat.hu\/finomfalatok\/kapcsolat\/#breadcrumb\",\"itemListElement\":[{\"@type\":\"ListItem\",\"position\":1,\"name\":\"Home\",\"item\":\"http:\/\/kiralyifalat.hu\/finomfalatok\/\"},{\"@type\":\"ListItem\",\"position\":2,\"name\":\"Kapcsolat\"}]},{\"@type\":\"WebSite\",\"@id\":\"http:\/\/kiralyifalat.hu\/finomfalatok\/#website\",\"url\":\"http:\/\/kiralyifalat.hu\/finomfalatok\/\",\"name\":\"Finom Falatok B\u00fcf\u00e9\",\"description\":\"kiralyifalat.hu\",\"potentialAction\":[{\"@type\":\"SearchAction\",\"target\":{\"@type\":\"EntryPoint\",\"urlTemplate\":\"http:\/\/kiralyifalat.hu\/finomfalatok\/?s={search_term_string}\"},\"query-input\":{\"@type\":\"PropertyValueSpecification\",\"valueRequired\":true,\"valueName\":\"search_term_string\"}}],\"inLanguage\":\"hu\"}]}<\/script>\n<!-- \/ Yoast SEO plugin. -->","yoast_head_json":{"title":"Kapcsolat","description":"B\u00fcf\u00e9, R\u00f3mai-part, Kir\u00e1lyok \u00fatja, Budapest, III. ker\u00fclet, \u00d3buda, T\u00e9rk\u00e9p, Telefon, Telefonsz\u00e1m, C\u00edm, Kir\u00e1lyok \u00fatja 34., e-mail, Finom Falatok B\u00fcf\u00e9, Kapcsolat, R\u00f3mai part, R\u00f3maipart","robots":{"index":"index","follow":"follow","max-snippet":"max-snippet:-1","max-image-preview":"max-image-preview:large","max-video-preview":"max-video-preview:-1"},"canonical":"http:\/\/kiralyifalat.hu\/finomfalatok\/kapcsolat\/","og_locale":"hu_HU","og_type":"article","og_title":"Kapcsolat","og_description":"B\u00fcf\u00e9, R\u00f3mai-part, Kir\u00e1lyok \u00fatja, Budapest, III. ker\u00fclet, \u00d3buda, T\u00e9rk\u00e9p, Telefon, Telefonsz\u00e1m, C\u00edm, Kir\u00e1lyok \u00fatja 34., e-mail, Finom Falatok B\u00fcf\u00e9, Kapcsolat, R\u00f3mai part, R\u00f3maipart","og_url":"http:\/\/kiralyifalat.hu\/finomfalatok\/kapcsolat\/","og_site_name":"Finom Falatok B\u00fcf\u00e9","article_modified_time":"2018-01-14T22:34:55+00:00","schema":{"@context":"https:\/\/schema.org","@graph":[{"@type":"WebPage","@id":"http:\/\/kiralyifalat.hu\/finomfalatok\/kapcsolat\/","url":"http:\/\/kiralyifalat.hu\/finomfalatok\/kapcsolat\/","name":"Kapcsolat","isPartOf":{"@id":"http:\/\/kiralyifalat.hu\/finomfalatok\/#website"},"datePublished":"2013-03-20T20:58:01+00:00","dateModified":"2018-01-14T22:34:55+00:00","description":"B\u00fcf\u00e9, R\u00f3mai-part, Kir\u00e1lyok \u00fatja, Budapest, III. ker\u00fclet, \u00d3buda, T\u00e9rk\u00e9p, Telefon, Telefonsz\u00e1m, C\u00edm, Kir\u00e1lyok \u00fatja 34., e-mail, Finom Falatok B\u00fcf\u00e9, Kapcsolat, R\u00f3mai part, R\u00f3maipart","breadcrumb":{"@id":"http:\/\/kiralyifalat.hu\/finomfalatok\/kapcsolat\/#breadcrumb"},"inLanguage":"hu","potentialAction":[{"@type":"ReadAction","target":["http:\/\/kiralyifalat.hu\/finomfalatok\/kapcsolat\/"]}]},{"@type":"BreadcrumbList","@id":"http:\/\/kiralyifalat.hu\/finomfalatok\/kapcsolat\/#breadcrumb","itemListElement":[{"@type":"ListItem","position":1,"name":"Home","item":"http:\/\/kiralyifalat.hu\/finomfalatok\/"},{"@type":"ListItem","position":2,"name":"Kapcsolat"}]},{"@type":"WebSite","@id":"http:\/\/kiralyifalat.hu\/finomfalatok\/#website","url":"http:\/\/kiralyifalat.hu\/finomfalatok\/","name":"Finom Falatok B\u00fcf\u00e9","description":"kiralyifalat.hu","potentialAction":[{"@type":"SearchAction","target":{"@type":"EntryPoint","urlTemplate":"http:\/\/kiralyifalat.hu\/finomfalatok\/?s={search_term_string}"},"query-input":{"@type":"PropertyValueSpecification","valueRequired":true,"valueName":"search_term_string"}}],"inLanguage":"hu"}]}},"publishpress_future_action":{"enabled":false,"date":"2026-04-23 12:36:29","action":"change-status","newStatus":"draft","terms":[],"taxonomy":""},"publishpress_future_workflow_manual_trigger":{"enabledWorkflows":[]},"_links":{"self":[{"href":"http:\/\/kiralyifalat.hu\/finomfalatok\/wp-json\/wp\/v2\/pages\/7","targetHints":{"allow":["GET"]}}],"collection":[{"href":"http:\/\/kiralyifalat.hu\/finomfalatok\/wp-json\/wp\/v2\/pages"}],"about":[{"href":"http:\/\/kiralyifalat.hu\/finomfalatok\/wp-json\/wp\/v2\/types\/page"}],"author":[{"embeddable":true,"href":"http:\/\/kiralyifalat.hu\/finomfalatok\/wp-json\/wp\/v2\/users\/5"}],"replies":[{"embeddable":true,"href":"http:\/\/kiralyifalat.hu\/finomfalatok\/wp-json\/wp\/v2\/comments?post=7"}],"version-history":[{"count":0,"href":"http:\/\/kiralyifalat.hu\/finomfalatok\/wp-json\/wp\/v2\/pages\/7\/revisions"}],"wp:attachment":[{"href":"http:\/\/kiralyifalat.hu\/finomfalatok\/wp-json\/wp\/v2\/media?parent=7"}],"curies":[{"name":"wp","href":"https:\/\/api.w.org\/{rel}","templated":true}]}}