{"id":559,"date":"2014-02-09T15:23:11","date_gmt":"2014-02-09T14:23:11","guid":{"rendered":"http:\/\/kiralyifalat.hu\/finomfalatok\/?page_id=559"},"modified":"2018-01-14T23:27:56","modified_gmt":"2018-01-14T22:27:56","slug":"foetelek","status":"publish","type":"page","link":"http:\/\/kiralyifalat.hu\/finomfalatok\/eteleink\/etelkinalatunk\/foetelek\/","title":{"rendered":"K\u00e9sz\u00e9telek"},"content":{"rendered":"<p>\u00c1raink t\u00e1j\u00e9koztat\u00f3 jelleg\u0171ek, a v\u00e1ltoztat\u00e1s jog\u00e1t fenntartjuk!<br \/>\nNapi \u00e9telk\u00edn\u00e1latunk v\u00e1ltoz\u00f3, nem tartalmazza a lista \u00f6sszes elem\u00e9t.<br \/>\n<div class=\"orange-box\">K\u00e9sz\u00e9telek:<\/div>\n\n<table id=\"tablepress-1\" class=\"tablepress tablepress-id-1\">\n<thead>\n<tr class=\"row-1\">\n\t<th class=\"column-1\" style=\"width:55%;\">Elnevez\u00e9s<\/th><th class=\"column-2\" style=\"width:15%;\">\u00c1r<\/th><th class=\"column-3\" style=\"width:15%;\">Kis adag \u00e1r<\/th><th class=\"column-4\" style=\"width:15%;\">10 dkg \u00e1r<\/th><th class=\"column-5\"><\/th>\n<\/tr>\n<\/thead>\n<tbody class=\"row-striping row-hover\">\n<tr class=\"row-2\">\n\t<td class=\"column-1\">Sert\u00e9sp\u00f6rk\u00f6lt k\u00f6rettel<\/td><td class=\"column-2\">1190<\/td><td class=\"column-3\">990<\/td><td class=\"column-4\"><\/td><td class=\"column-5\"><\/td>\n<\/tr>\n<tr class=\"row-3\">\n\t<td class=\"column-1\">Tejf\u00f6l\u00f6s csirkemellp\u00f6rk\u00f6lt<\/td><td class=\"column-2\">1190<\/td><td class=\"column-3\">990<\/td><td class=\"column-4\"><\/td><td class=\"column-5\"><\/td>\n<\/tr>\n<tr class=\"row-4\">\n\t<td class=\"column-1\">Bakonyi csirkep\u00f6rk\u00f6lt<\/td><td class=\"column-2\">1190<\/td><td class=\"column-3\">990<\/td><td class=\"column-4\"><\/td><td class=\"column-5\"><\/td>\n<\/tr>\n<tr class=\"row-5\">\n\t<td class=\"column-1\">Borsos sert\u00e9stok\u00e1ny<\/td><td class=\"column-2\">1190<\/td><td class=\"column-3\">990<\/td><td class=\"column-4\"><\/td><td class=\"column-5\"><\/td>\n<\/tr>\n<tr class=\"row-6\">\n\t<td class=\"column-1\">B\u00e1cskai rizses h\u00fas<\/td><td class=\"column-2\">1190<\/td><td class=\"column-3\">990<\/td><td class=\"column-4\"><\/td><td class=\"column-5\"><\/td>\n<\/tr>\n<tr class=\"row-7\">\n\t<td class=\"column-1\">Pir\u00edtott pulykam\u00e1j<\/td><td class=\"column-2\">990<\/td><td class=\"column-3\">790<\/td><td class=\"column-4\"><\/td><td class=\"column-5\"><\/td>\n<\/tr>\n<tr class=\"row-8\">\n\t<td class=\"column-1\">P\u00f3r\u00e9hagym\u00e1s-csirk\u00e9s fusilli<\/td><td class=\"column-2\">1190<\/td><td class=\"column-3\">990<\/td><td class=\"column-4\"><\/td><td class=\"column-5\"><\/td>\n<\/tr>\n<tr class=\"row-9\">\n\t<td class=\"column-1\">Gomb\u00e1s marharagu spagettivel<\/td><td class=\"column-2\">1190<\/td><td class=\"column-3\">990<\/td><td class=\"column-4\"><\/td><td class=\"column-5\"><\/td>\n<\/tr>\n<tr class=\"row-10\">\n\t<td class=\"column-1\">Rakott burgonya<\/td><td class=\"column-2\">990<\/td><td class=\"column-3\">790<\/td><td class=\"column-4\"><\/td><td class=\"column-5\"><\/td>\n<\/tr>\n<tr class=\"row-11\">\n\t<td class=\"column-1\">Rakott kelk\u00e1poszta<\/td><td class=\"column-2\">990<\/td><td class=\"column-3\">790<\/td><td class=\"column-4\"><\/td><td class=\"column-5\"><\/td>\n<\/tr>\n<tr class=\"row-12\">\n\t<td class=\"column-1\">T\u00f6lt\u00f6tt paprika<\/td><td class=\"column-2\">990<\/td><td class=\"column-3\">790<\/td><td class=\"column-4\"><\/td><td class=\"column-5\"><\/td>\n<\/tr>\n<tr class=\"row-13\">\n\t<td class=\"column-1\">H\u00fasos rakott t\u00e9szta<\/td><td class=\"column-2\">990<\/td><td class=\"column-3\">790<\/td><td class=\"column-4\"><\/td><td class=\"column-5\"><\/td>\n<\/tr>\n<tr class=\"row-14\">\n\t<td class=\"column-1\">Bolognai spagetti<\/td><td class=\"column-2\">990<\/td><td class=\"column-3\">790<\/td><td class=\"column-4\"><\/td><td class=\"column-5\"><\/td>\n<\/tr>\n<tr class=\"row-15\">\n\t<td class=\"column-1\">Mil\u00e1n\u00f3i makar\u00f3ni<\/td><td class=\"column-2\">1090<\/td><td class=\"column-3\">890<\/td><td class=\"column-4\"><\/td><td class=\"column-5\"><\/td>\n<\/tr>\n<tr class=\"row-16\">\n\t<td class=\"column-1\">Sz\u00e9kely k\u00e1poszta<\/td><td class=\"column-2\">1190<\/td><td class=\"column-3\">990<\/td><td class=\"column-4\"><\/td><td class=\"column-5\"><\/td>\n<\/tr>\n<tr class=\"row-17\">\n\t<td class=\"column-1\">T\u00f6lt\u00f6tt k\u00e1poszta<\/td><td class=\"column-2\">1190<\/td><td class=\"column-3\">990<\/td><td class=\"column-4\"><\/td><td class=\"column-5\"><\/td>\n<\/tr>\n<tr class=\"row-18\">\n\t<td class=\"column-1\">Erd\u00e9lyi rakott k\u00e1poszta<\/td><td class=\"column-2\">990<\/td><td class=\"column-3\">790<\/td><td class=\"column-4\"><\/td><td class=\"column-5\"><\/td>\n<\/tr>\n<tr class=\"row-19\">\n\t<td class=\"column-1\">Alm\u00e1s rakott csirkemell<\/td><td class=\"column-2\">1190<\/td><td class=\"column-3\">990<\/td><td class=\"column-4\"><\/td><td class=\"column-5\"><\/td>\n<\/tr>\n<tr class=\"row-20\">\n\t<td class=\"column-1\">Vadas marha spagettivel<\/td><td class=\"column-2\">1290<\/td><td class=\"column-3\">990<\/td><td class=\"column-4\"><\/td><td class=\"column-5\"><\/td>\n<\/tr>\n<tr class=\"row-21\">\n\t<td class=\"column-1\">Vadas marha zsemlegomb\u00f3ccal<\/td><td class=\"column-2\">1290<\/td><td class=\"column-3\">990<\/td><td class=\"column-4\"><\/td><td class=\"column-5\"><\/td>\n<\/tr>\n<tr class=\"row-22\">\n\t<td class=\"column-1\">Tejf\u00f6l\u00f6s gombap\u00f6rk\u00f6lt<\/td><td class=\"column-2\">990<\/td><td class=\"column-3\">790<\/td><td class=\"column-4\"><\/td><td class=\"column-5\"><\/td>\n<\/tr>\n<tr class=\"row-23\">\n\t<td class=\"column-1\">Mexik\u00f3i csirkeragu<\/td><td class=\"column-2\">1190<\/td><td class=\"column-3\">990<\/td><td class=\"column-4\"><\/td><td class=\"column-5\"><\/td>\n<\/tr>\n<tr class=\"row-24\">\n\t<td class=\"column-1\">Chili con carne (chilis bab)<\/td><td class=\"column-2\">1190<\/td><td class=\"column-3\">990<\/td><td class=\"column-4\"><\/td><td class=\"column-5\"><\/td>\n<\/tr>\n<tr class=\"row-25\">\n\t<td class=\"column-1\">M\u00e9zes-must\u00e1ros csirkeragu<\/td><td class=\"column-2\">1190<\/td><td class=\"column-3\">990<\/td><td class=\"column-4\"><\/td><td class=\"column-5\"><\/td>\n<\/tr>\n<tr class=\"row-26\">\n\t<td class=\"column-1\">M\u00e9zes-must\u00e1ros s\u00fclt csirkecomb<\/td><td class=\"column-2\"><\/td><td class=\"column-3\"><\/td><td class=\"column-4\">260<\/td><td class=\"column-5\"><\/td>\n<\/tr>\n<tr class=\"row-27\">\n\t<td class=\"column-1\">Z\u00f6ldf\u0171szeres s\u00fclt csirkecomb<\/td><td class=\"column-2\"><\/td><td class=\"column-3\"><\/td><td class=\"column-4\">260<\/td><td class=\"column-5\"><\/td>\n<\/tr>\n<tr class=\"row-28\">\n\t<td class=\"column-1\">Fokhagym\u00e1s s\u00fclt csirkecomb<\/td><td class=\"column-2\"><\/td><td class=\"column-3\"><\/td><td class=\"column-4\">260<\/td><td class=\"column-5\"><\/td>\n<\/tr>\n<tr class=\"row-29\">\n\t<td class=\"column-1\">BBQ s\u00fclt csirkecomb<\/td><td class=\"column-2\"><\/td><td class=\"column-3\"><\/td><td class=\"column-4\">260<\/td><td class=\"column-5\"><\/td>\n<\/tr>\n<tr class=\"row-30\">\n\t<td class=\"column-1\">S\u00fclt csirkecomb<\/td><td class=\"column-2\"><\/td><td class=\"column-3\"><\/td><td class=\"column-4\">260<\/td><td class=\"column-5\"><\/td>\n<\/tr>\n<tr class=\"row-31\">\n\t<td class=\"column-1\">T\u00f6lt\u00f6tt csirkecomb<\/td><td class=\"column-2\"><\/td><td class=\"column-3\"><\/td><td class=\"column-4\">240<\/td><td class=\"column-5\"><\/td>\n<\/tr>\n<tr class=\"row-32\">\n\t<td class=\"column-1\">Tejsz\u00ednes-z\u00f6lds\u00e9ges-csirk\u00e9s spagetti<\/td><td class=\"column-2\">1190<\/td><td class=\"column-3\">990<\/td><td class=\"column-4\"><\/td><td class=\"column-5\"><\/td>\n<\/tr>\n<tr class=\"row-33\">\n\t<td class=\"column-1\">Z\u00f6lds\u00e9ges csirkeragu<\/td><td class=\"column-2\">1190<\/td><td class=\"column-3\">990<\/td><td class=\"column-4\"><\/td><td class=\"column-5\"><\/td>\n<\/tr>\n<tr class=\"row-34\">\n\t<td class=\"column-1\">Lecs\u00f3s csirkeragu<\/td><td class=\"column-2\">1190<\/td><td class=\"column-3\">990<\/td><td class=\"column-4\"><\/td><td class=\"column-5\"><\/td>\n<\/tr>\n<tr class=\"row-35\">\n\t<td class=\"column-1\">S\u00fclt h\u00fas burgony\u00e1val \u00e9s p\u00e1rolt k\u00e1poszt\u00e1val<\/td><td class=\"column-2\">1190<\/td><td class=\"column-3\">990<\/td><td class=\"column-4\"><\/td><td class=\"column-5\"><\/td>\n<\/tr>\n<tr class=\"row-36\">\n\t<td class=\"column-1\">Sonk\u00e1s-tejsz\u00ednes spagetti<\/td><td class=\"column-2\">1190<\/td><td class=\"column-3\">990<\/td><td class=\"column-4\"><\/td><td class=\"column-5\"><\/td>\n<\/tr>\n<tr class=\"row-37\">\n\t<td class=\"column-1\">P\u00e1sztor tarhonya<\/td><td class=\"column-2\">990<\/td><td class=\"column-3\">790<\/td><td class=\"column-4\"><\/td><td class=\"column-5\"><\/td>\n<\/tr>\n<tr class=\"row-38\">\n\t<td class=\"column-1\">Sonk\u00e1s rizott\u00f3<\/td><td class=\"column-2\">990<\/td><td class=\"column-3\">790<\/td><td class=\"column-4\"><\/td><td class=\"column-5\"><\/td>\n<\/tr>\n<tr class=\"row-39\">\n\t<td class=\"column-1\">H\u00fasos pite<\/td><td class=\"column-2\">990<\/td><td class=\"column-3\">790<\/td><td class=\"column-4\"><\/td><td class=\"column-5\"><\/td>\n<\/tr>\n<tr class=\"row-40\">\n\t<td class=\"column-1\">Csirkeragu hentes m\u00f3dra<\/td><td class=\"column-2\">1190<\/td><td class=\"column-3\">990<\/td><td class=\"column-4\"><\/td><td class=\"column-5\"><\/td>\n<\/tr>\n<tr class=\"row-41\">\n\t<td class=\"column-1\">Marhap\u00f6rk\u00f6lt<\/td><td class=\"column-2\">1290<\/td><td class=\"column-3\">990<\/td><td class=\"column-4\"><\/td><td class=\"column-5\"><\/td>\n<\/tr>\n<tr class=\"row-42\">\n\t<td class=\"column-1\">Pacalp\u00f6rk\u00f6lt<\/td><td class=\"column-2\">1290<\/td><td class=\"column-3\">990<\/td><td class=\"column-4\"><\/td><td class=\"column-5\"><\/td>\n<\/tr>\n<tr class=\"row-43\">\n\t<td class=\"column-1\">Cs\u00fcl\u00f6kp\u00f6rk\u00f6lt<\/td><td class=\"column-2\">1290<\/td><td class=\"column-3\">990<\/td><td class=\"column-4\"><\/td><td class=\"column-5\"><\/td>\n<\/tr>\n<tr class=\"row-44\">\n\t<td class=\"column-1\">Mediterr\u00e1n csirkeragu<\/td><td class=\"column-2\">1190<\/td><td class=\"column-3\">990<\/td><td class=\"column-4\"><\/td><td class=\"column-5\"><\/td>\n<\/tr>\n<tr class=\"row-45\">\n\t<td class=\"column-1\">S\u00f3let f\u00fcst\u00f6lt h\u00fassal<\/td><td class=\"column-2\">1190<\/td><td class=\"column-3\">990<\/td><td class=\"column-4\"><\/td><td class=\"column-5\"><\/td>\n<\/tr>\n<tr class=\"row-46\">\n\t<td class=\"column-1\">V\u00f6r\u00f6sboros pulykap\u00f6rk\u00f6lt<\/td><td class=\"column-2\">1190<\/td><td class=\"column-3\">990<\/td><td class=\"column-4\"><\/td><td class=\"column-5\"><\/td>\n<\/tr>\n<tr class=\"row-47\">\n\t<td class=\"column-1\">Paprik\u00e1s burgonya kolb\u00e1sszal<\/td><td class=\"column-2\">990<\/td><td class=\"column-3\">790<\/td><td class=\"column-4\"><\/td><td class=\"column-5\"><\/td>\n<\/tr>\n<tr class=\"row-48\">\n\t<td class=\"column-1\">Cs\u0151ben s\u00fclt karfiol<\/td><td class=\"column-2\">990<\/td><td class=\"column-3\">790<\/td><td class=\"column-4\"><\/td><td class=\"column-5\"><\/td>\n<\/tr>\n<tr class=\"row-49\">\n\t<td class=\"column-1\">Spen\u00f3tos pulykatekercs<\/td><td class=\"column-2\">1190<\/td><td class=\"column-3\">990<\/td><td class=\"column-4\"><\/td><td class=\"column-5\"><\/td>\n<\/tr>\n<tr class=\"row-50\">\n\t<td class=\"column-1\">Rakott karfiol<\/td><td class=\"column-2\">990<\/td><td class=\"column-3\">790<\/td><td class=\"column-4\"><\/td><td class=\"column-5\"><\/td>\n<\/tr>\n<tr class=\"row-51\">\n\t<td class=\"column-1\">Vagdalt<\/td><td class=\"column-2\">290<\/td><td class=\"column-3\"><\/td><td class=\"column-4\"><\/td><td class=\"column-5\"><\/td>\n<\/tr>\n<tr class=\"row-52\">\n\t<td class=\"column-1\">Tejsz\u00ednes-kukoric\u00e1s pulykaapr\u00f3h\u00fas<\/td><td class=\"column-2\">1190<\/td><td class=\"column-3\">990<\/td><td class=\"column-4\"><\/td><td class=\"column-5\"><\/td>\n<\/tr>\n<tr class=\"row-53\">\n\t<td class=\"column-1\">Savany\u00fas\u00e1g<\/td><td class=\"column-2\"><\/td><td class=\"column-3\"><\/td><td class=\"column-4\">140<\/td><td class=\"column-5\"><\/td>\n<\/tr>\n<\/tbody>\n<\/table>\n\n","protected":false},"excerpt":{"rendered":"<p>\u00c1raink t\u00e1j\u00e9koztat\u00f3 jelleg\u0171ek, a v\u00e1ltoztat\u00e1s jog\u00e1t fenntartjuk! Napi \u00e9telk\u00edn\u00e1latunk v\u00e1ltoz\u00f3, nem tartalmazza a lista \u00f6sszes elem\u00e9t.<\/p>\n","protected":false},"author":5,"featured_media":0,"parent":623,"menu_order":0,"comment_status":"closed","ping_status":"closed","template":"","meta":{"footnotes":""},"class_list":["post-559","page","type-page","status-publish","hentry"],"yoast_head":"<!-- This site is optimized with the Yoast SEO plugin v23.8 - https:\/\/yoast.com\/wordpress\/plugins\/seo\/ -->\n<title>K\u00e9sz\u00e9telek<\/title>\n<meta name=\"description\" content=\"K\u00e9sz\u00e9telek, B\u00fcf\u00e9 R\u00f3mai-part, Sz\u00e9kely k\u00e1poszta, Sert\u00e9s p\u00f6rk\u00f6lt, Alm\u00e1s rakott csirkemell, Vadas marha, Mexik\u00f3i csirkeragu, Chili con carne, S\u00fclt csirkecomb, R\u00f3mai part, R\u00f3maipart\" \/>\n<meta name=\"robots\" content=\"index, follow, max-snippet:-1, max-image-preview:large, max-video-preview:-1\" \/>\n<link rel=\"canonical\" href=\"http:\/\/kiralyifalat.hu\/finomfalatok\/eteleink\/etelkinalatunk\/foetelek\/\" \/>\n<meta property=\"og:locale\" content=\"hu_HU\" \/>\n<meta property=\"og:type\" content=\"article\" \/>\n<meta property=\"og:title\" content=\"K\u00e9sz\u00e9telek\" \/>\n<meta property=\"og:description\" content=\"K\u00e9sz\u00e9telek, B\u00fcf\u00e9 R\u00f3mai-part, Sz\u00e9kely k\u00e1poszta, Sert\u00e9s p\u00f6rk\u00f6lt, Alm\u00e1s rakott csirkemell, Vadas marha, Mexik\u00f3i csirkeragu, Chili con carne, S\u00fclt csirkecomb, R\u00f3mai part, R\u00f3maipart\" \/>\n<meta property=\"og:url\" content=\"http:\/\/kiralyifalat.hu\/finomfalatok\/eteleink\/etelkinalatunk\/foetelek\/\" \/>\n<meta property=\"og:site_name\" content=\"Finom Falatok B\u00fcf\u00e9\" \/>\n<meta property=\"article:modified_time\" content=\"2018-01-14T22:27:56+00:00\" \/>\n<script type=\"application\/ld+json\" class=\"yoast-schema-graph\">{\"@context\":\"https:\/\/schema.org\",\"@graph\":[{\"@type\":\"WebPage\",\"@id\":\"http:\/\/kiralyifalat.hu\/finomfalatok\/eteleink\/etelkinalatunk\/foetelek\/\",\"url\":\"http:\/\/kiralyifalat.hu\/finomfalatok\/eteleink\/etelkinalatunk\/foetelek\/\",\"name\":\"K\u00e9sz\u00e9telek\",\"isPartOf\":{\"@id\":\"http:\/\/kiralyifalat.hu\/finomfalatok\/#website\"},\"datePublished\":\"2014-02-09T14:23:11+00:00\",\"dateModified\":\"2018-01-14T22:27:56+00:00\",\"description\":\"K\u00e9sz\u00e9telek, B\u00fcf\u00e9 R\u00f3mai-part, Sz\u00e9kely k\u00e1poszta, Sert\u00e9s p\u00f6rk\u00f6lt, Alm\u00e1s rakott csirkemell, Vadas marha, Mexik\u00f3i csirkeragu, Chili con carne, S\u00fclt csirkecomb, R\u00f3mai part, R\u00f3maipart\",\"breadcrumb\":{\"@id\":\"http:\/\/kiralyifalat.hu\/finomfalatok\/eteleink\/etelkinalatunk\/foetelek\/#breadcrumb\"},\"inLanguage\":\"hu\",\"potentialAction\":[{\"@type\":\"ReadAction\",\"target\":[\"http:\/\/kiralyifalat.hu\/finomfalatok\/eteleink\/etelkinalatunk\/foetelek\/\"]}]},{\"@type\":\"BreadcrumbList\",\"@id\":\"http:\/\/kiralyifalat.hu\/finomfalatok\/eteleink\/etelkinalatunk\/foetelek\/#breadcrumb\",\"itemListElement\":[{\"@type\":\"ListItem\",\"position\":1,\"name\":\"Home\",\"item\":\"http:\/\/kiralyifalat.hu\/finomfalatok\/\"},{\"@type\":\"ListItem\",\"position\":2,\"name\":\"\u00c9teleink\",\"item\":\"http:\/\/kiralyifalat.hu\/finomfalatok\/eteleink\/\"},{\"@type\":\"ListItem\",\"position\":3,\"name\":\"\u00c9telk\u00edn\u00e1latunk\",\"item\":\"http:\/\/kiralyifalat.hu\/finomfalatok\/eteleink\/etelkinalatunk\/\"},{\"@type\":\"ListItem\",\"position\":4,\"name\":\"K\u00e9sz\u00e9telek\"}]},{\"@type\":\"WebSite\",\"@id\":\"http:\/\/kiralyifalat.hu\/finomfalatok\/#website\",\"url\":\"http:\/\/kiralyifalat.hu\/finomfalatok\/\",\"name\":\"Finom Falatok B\u00fcf\u00e9\",\"description\":\"kiralyifalat.hu\",\"potentialAction\":[{\"@type\":\"SearchAction\",\"target\":{\"@type\":\"EntryPoint\",\"urlTemplate\":\"http:\/\/kiralyifalat.hu\/finomfalatok\/?s={search_term_string}\"},\"query-input\":{\"@type\":\"PropertyValueSpecification\",\"valueRequired\":true,\"valueName\":\"search_term_string\"}}],\"inLanguage\":\"hu\"}]}<\/script>\n<!-- \/ Yoast SEO plugin. -->","yoast_head_json":{"title":"K\u00e9sz\u00e9telek","description":"K\u00e9sz\u00e9telek, B\u00fcf\u00e9 R\u00f3mai-part, Sz\u00e9kely k\u00e1poszta, Sert\u00e9s p\u00f6rk\u00f6lt, Alm\u00e1s rakott csirkemell, Vadas marha, Mexik\u00f3i csirkeragu, Chili con carne, S\u00fclt csirkecomb, R\u00f3mai part, R\u00f3maipart","robots":{"index":"index","follow":"follow","max-snippet":"max-snippet:-1","max-image-preview":"max-image-preview:large","max-video-preview":"max-video-preview:-1"},"canonical":"http:\/\/kiralyifalat.hu\/finomfalatok\/eteleink\/etelkinalatunk\/foetelek\/","og_locale":"hu_HU","og_type":"article","og_title":"K\u00e9sz\u00e9telek","og_description":"K\u00e9sz\u00e9telek, B\u00fcf\u00e9 R\u00f3mai-part, Sz\u00e9kely k\u00e1poszta, Sert\u00e9s p\u00f6rk\u00f6lt, Alm\u00e1s rakott csirkemell, Vadas marha, Mexik\u00f3i csirkeragu, Chili con carne, S\u00fclt csirkecomb, R\u00f3mai part, R\u00f3maipart","og_url":"http:\/\/kiralyifalat.hu\/finomfalatok\/eteleink\/etelkinalatunk\/foetelek\/","og_site_name":"Finom Falatok B\u00fcf\u00e9","article_modified_time":"2018-01-14T22:27:56+00:00","schema":{"@context":"https:\/\/schema.org","@graph":[{"@type":"WebPage","@id":"http:\/\/kiralyifalat.hu\/finomfalatok\/eteleink\/etelkinalatunk\/foetelek\/","url":"http:\/\/kiralyifalat.hu\/finomfalatok\/eteleink\/etelkinalatunk\/foetelek\/","name":"K\u00e9sz\u00e9telek","isPartOf":{"@id":"http:\/\/kiralyifalat.hu\/finomfalatok\/#website"},"datePublished":"2014-02-09T14:23:11+00:00","dateModified":"2018-01-14T22:27:56+00:00","description":"K\u00e9sz\u00e9telek, B\u00fcf\u00e9 R\u00f3mai-part, Sz\u00e9kely k\u00e1poszta, Sert\u00e9s p\u00f6rk\u00f6lt, Alm\u00e1s rakott csirkemell, Vadas marha, Mexik\u00f3i csirkeragu, Chili con carne, S\u00fclt csirkecomb, R\u00f3mai part, R\u00f3maipart","breadcrumb":{"@id":"http:\/\/kiralyifalat.hu\/finomfalatok\/eteleink\/etelkinalatunk\/foetelek\/#breadcrumb"},"inLanguage":"hu","potentialAction":[{"@type":"ReadAction","target":["http:\/\/kiralyifalat.hu\/finomfalatok\/eteleink\/etelkinalatunk\/foetelek\/"]}]},{"@type":"BreadcrumbList","@id":"http:\/\/kiralyifalat.hu\/finomfalatok\/eteleink\/etelkinalatunk\/foetelek\/#breadcrumb","itemListElement":[{"@type":"ListItem","position":1,"name":"Home","item":"http:\/\/kiralyifalat.hu\/finomfalatok\/"},{"@type":"ListItem","position":2,"name":"\u00c9teleink","item":"http:\/\/kiralyifalat.hu\/finomfalatok\/eteleink\/"},{"@type":"ListItem","position":3,"name":"\u00c9telk\u00edn\u00e1latunk","item":"http:\/\/kiralyifalat.hu\/finomfalatok\/eteleink\/etelkinalatunk\/"},{"@type":"ListItem","position":4,"name":"K\u00e9sz\u00e9telek"}]},{"@type":"WebSite","@id":"http:\/\/kiralyifalat.hu\/finomfalatok\/#website","url":"http:\/\/kiralyifalat.hu\/finomfalatok\/","name":"Finom Falatok B\u00fcf\u00e9","description":"kiralyifalat.hu","potentialAction":[{"@type":"SearchAction","target":{"@type":"EntryPoint","urlTemplate":"http:\/\/kiralyifalat.hu\/finomfalatok\/?s={search_term_string}"},"query-input":{"@type":"PropertyValueSpecification","valueRequired":true,"valueName":"search_term_string"}}],"inLanguage":"hu"}]}},"publishpress_future_action":{"enabled":false,"date":"2026-04-25 15:25:04","action":"change-status","newStatus":"draft","terms":[],"taxonomy":""},"publishpress_future_workflow_manual_trigger":{"enabledWorkflows":[]},"_links":{"self":[{"href":"http:\/\/kiralyifalat.hu\/finomfalatok\/wp-json\/wp\/v2\/pages\/559","targetHints":{"allow":["GET"]}}],"collection":[{"href":"http:\/\/kiralyifalat.hu\/finomfalatok\/wp-json\/wp\/v2\/pages"}],"about":[{"href":"http:\/\/kiralyifalat.hu\/finomfalatok\/wp-json\/wp\/v2\/types\/page"}],"author":[{"embeddable":true,"href":"http:\/\/kiralyifalat.hu\/finomfalatok\/wp-json\/wp\/v2\/users\/5"}],"replies":[{"embeddable":true,"href":"http:\/\/kiralyifalat.hu\/finomfalatok\/wp-json\/wp\/v2\/comments?post=559"}],"version-history":[{"count":0,"href":"http:\/\/kiralyifalat.hu\/finomfalatok\/wp-json\/wp\/v2\/pages\/559\/revisions"}],"up":[{"embeddable":true,"href":"http:\/\/kiralyifalat.hu\/finomfalatok\/wp-json\/wp\/v2\/pages\/623"}],"wp:attachment":[{"href":"http:\/\/kiralyifalat.hu\/finomfalatok\/wp-json\/wp\/v2\/media?parent=559"}],"curies":[{"name":"wp","href":"https:\/\/api.w.org\/{rel}","templated":true}]}}