{"id":543,"date":"2014-02-09T15:19:49","date_gmt":"2014-02-09T14:19:49","guid":{"rendered":"http:\/\/kiralyifalat.hu\/finomfalatok\/?page_id=543"},"modified":"2018-01-14T23:29:02","modified_gmt":"2018-01-14T22:29:02","slug":"koretek","status":"publish","type":"page","link":"http:\/\/kiralyifalat.hu\/finomfalatok\/eteleink\/etelkinalatunk\/koretek\/","title":{"rendered":"K\u00f6retek"},"content":{"rendered":"<p>\u00c1raink t\u00e1j\u00e9koztat\u00f3 jelleg\u0171ek, a v\u00e1ltoztat\u00e1s jog\u00e1t fenntartjuk!<br \/>\nNapi \u00e9telk\u00edn\u00e1latunk v\u00e1ltoz\u00f3, nem tartalmazza a lista \u00f6sszes elem\u00e9t.<br \/>\n<div class=\"orange-box\">K\u00f6retek:<\/div>\n\n<table id=\"tablepress-1\" class=\"tablepress tablepress-id-1\">\n<thead>\n<tr class=\"row-1\">\n\t<th class=\"column-1\" style=\"width:60%;\">Elnevez\u00e9s<\/th><th class=\"column-2\" style=\"width:20%;\">\u00c1r<\/th><th class=\"column-3\" style=\"width:20;\">Kis adag \u00e1r<\/th><th class=\"column-4\"><\/th>\n<\/tr>\n<\/thead>\n<tbody class=\"row-striping row-hover\">\n<tr class=\"row-2\">\n\t<td class=\"column-1\">Petrezselymes burgonya<\/td><td class=\"column-2\">280<\/td><td class=\"column-3\">200<\/td><td class=\"column-4\"><\/td>\n<\/tr>\n<tr class=\"row-3\">\n\t<td class=\"column-1\">Burgonyap\u00fcr\u00e9<\/td><td class=\"column-2\">360<\/td><td class=\"column-3\">260<\/td><td class=\"column-4\"><\/td>\n<\/tr>\n<tr class=\"row-4\">\n\t<td class=\"column-1\">Burgonyakrokett<\/td><td class=\"column-2\">360<\/td><td class=\"column-3\">260<\/td><td class=\"column-4\"><\/td>\n<\/tr>\n<tr class=\"row-5\">\n\t<td class=\"column-1\">S\u00fclt burgonya<\/td><td class=\"column-2\">360<\/td><td class=\"column-3\">260<\/td><td class=\"column-4\"><\/td>\n<\/tr>\n<tr class=\"row-6\">\n\t<td class=\"column-1\">P\u00e1rolt rizs<\/td><td class=\"column-2\">280<\/td><td class=\"column-3\">200<\/td><td class=\"column-4\"><\/td>\n<\/tr>\n<tr class=\"row-7\">\n\t<td class=\"column-1\">Tarhonya<\/td><td class=\"column-2\">280<\/td><td class=\"column-3\">200<\/td><td class=\"column-4\"><\/td>\n<\/tr>\n<tr class=\"row-8\">\n\t<td class=\"column-1\">Spagetti<\/td><td class=\"column-2\">280<\/td><td class=\"column-3\">200<\/td><td class=\"column-4\"><\/td>\n<\/tr>\n<tr class=\"row-9\">\n\t<td class=\"column-1\">Galuska<\/td><td class=\"column-2\">280<\/td><td class=\"column-3\">200<\/td><td class=\"column-4\"><\/td>\n<\/tr>\n<tr class=\"row-10\">\n\t<td class=\"column-1\">F\u0151tt t\u00e9szta<\/td><td class=\"column-2\">280<\/td><td class=\"column-3\">200<\/td><td class=\"column-4\"><\/td>\n<\/tr>\n<tr class=\"row-11\">\n\t<td class=\"column-1\">P\u00e1rolt vegyes z\u00f6lds\u00e9g<\/td><td class=\"column-2\">360<\/td><td class=\"column-3\">260<\/td><td class=\"column-4\"><\/td>\n<\/tr>\n<tr class=\"row-12\">\n\t<td class=\"column-1\">Z\u00f6lds\u00e9ges rizs<\/td><td class=\"column-2\">360<\/td><td class=\"column-3\">260<\/td><td class=\"column-4\"><\/td>\n<\/tr>\n<tr class=\"row-13\">\n\t<td class=\"column-1\">Rizi-bizi<\/td><td class=\"column-2\">280<\/td><td class=\"column-3\">200<\/td><td class=\"column-4\"><\/td>\n<\/tr>\n<\/tbody>\n<\/table>\n<!-- #tablepress-1 from cache -->\n","protected":false},"excerpt":{"rendered":"<p>\u00c1raink t\u00e1j\u00e9koztat\u00f3 jelleg\u0171ek, a v\u00e1ltoztat\u00e1s jog\u00e1t fenntartjuk! Napi \u00e9telk\u00edn\u00e1latunk v\u00e1ltoz\u00f3, nem tartalmazza a lista \u00f6sszes elem\u00e9t.<\/p>\n","protected":false},"author":5,"featured_media":0,"parent":623,"menu_order":0,"comment_status":"closed","ping_status":"closed","template":"","meta":{"footnotes":""},"class_list":["post-543","page","type-page","status-publish","hentry"],"yoast_head":"<!-- This site is optimized with the Yoast SEO plugin v23.8 - https:\/\/yoast.com\/wordpress\/plugins\/seo\/ -->\n<title>K\u00f6retek<\/title>\n<meta name=\"description\" content=\"K\u00f6retek, B\u00fcf\u00e9, R\u00f3mai-part, Petrezselymes burgonya, P\u00e1rolt rizs, Tarhonya, P\u00e1rolt vegyes z\u00f6lds\u00e9g, Rizi-bizi, S\u00fclt burgonya, Galuska, Spagetti, Burgonya p\u00fcr\u00e9, R\u00f3mai part, R\u00f3maipart\" \/>\n<meta name=\"robots\" content=\"index, follow, max-snippet:-1, max-image-preview:large, max-video-preview:-1\" \/>\n<link rel=\"canonical\" href=\"http:\/\/kiralyifalat.hu\/finomfalatok\/eteleink\/etelkinalatunk\/koretek\/\" \/>\n<meta property=\"og:locale\" content=\"hu_HU\" \/>\n<meta property=\"og:type\" content=\"article\" \/>\n<meta property=\"og:title\" content=\"K\u00f6retek\" \/>\n<meta property=\"og:description\" content=\"K\u00f6retek, B\u00fcf\u00e9, R\u00f3mai-part, Petrezselymes burgonya, P\u00e1rolt rizs, Tarhonya, P\u00e1rolt vegyes z\u00f6lds\u00e9g, Rizi-bizi, S\u00fclt burgonya, Galuska, Spagetti, Burgonya p\u00fcr\u00e9, R\u00f3mai part, R\u00f3maipart\" \/>\n<meta property=\"og:url\" content=\"http:\/\/kiralyifalat.hu\/finomfalatok\/eteleink\/etelkinalatunk\/koretek\/\" \/>\n<meta property=\"og:site_name\" content=\"Finom Falatok B\u00fcf\u00e9\" \/>\n<meta property=\"article:modified_time\" content=\"2018-01-14T22:29:02+00:00\" \/>\n<script type=\"application\/ld+json\" class=\"yoast-schema-graph\">{\"@context\":\"https:\/\/schema.org\",\"@graph\":[{\"@type\":\"WebPage\",\"@id\":\"http:\/\/kiralyifalat.hu\/finomfalatok\/eteleink\/etelkinalatunk\/koretek\/\",\"url\":\"http:\/\/kiralyifalat.hu\/finomfalatok\/eteleink\/etelkinalatunk\/koretek\/\",\"name\":\"K\u00f6retek\",\"isPartOf\":{\"@id\":\"http:\/\/kiralyifalat.hu\/finomfalatok\/#website\"},\"datePublished\":\"2014-02-09T14:19:49+00:00\",\"dateModified\":\"2018-01-14T22:29:02+00:00\",\"description\":\"K\u00f6retek, B\u00fcf\u00e9, R\u00f3mai-part, Petrezselymes burgonya, P\u00e1rolt rizs, Tarhonya, P\u00e1rolt vegyes z\u00f6lds\u00e9g, Rizi-bizi, S\u00fclt burgonya, Galuska, Spagetti, Burgonya p\u00fcr\u00e9, R\u00f3mai part, R\u00f3maipart\",\"breadcrumb\":{\"@id\":\"http:\/\/kiralyifalat.hu\/finomfalatok\/eteleink\/etelkinalatunk\/koretek\/#breadcrumb\"},\"inLanguage\":\"hu\",\"potentialAction\":[{\"@type\":\"ReadAction\",\"target\":[\"http:\/\/kiralyifalat.hu\/finomfalatok\/eteleink\/etelkinalatunk\/koretek\/\"]}]},{\"@type\":\"BreadcrumbList\",\"@id\":\"http:\/\/kiralyifalat.hu\/finomfalatok\/eteleink\/etelkinalatunk\/koretek\/#breadcrumb\",\"itemListElement\":[{\"@type\":\"ListItem\",\"position\":1,\"name\":\"Home\",\"item\":\"http:\/\/kiralyifalat.hu\/finomfalatok\/\"},{\"@type\":\"ListItem\",\"position\":2,\"name\":\"\u00c9teleink\",\"item\":\"http:\/\/kiralyifalat.hu\/finomfalatok\/eteleink\/\"},{\"@type\":\"ListItem\",\"position\":3,\"name\":\"\u00c9telk\u00edn\u00e1latunk\",\"item\":\"http:\/\/kiralyifalat.hu\/finomfalatok\/eteleink\/etelkinalatunk\/\"},{\"@type\":\"ListItem\",\"position\":4,\"name\":\"K\u00f6retek\"}]},{\"@type\":\"WebSite\",\"@id\":\"http:\/\/kiralyifalat.hu\/finomfalatok\/#website\",\"url\":\"http:\/\/kiralyifalat.hu\/finomfalatok\/\",\"name\":\"Finom Falatok B\u00fcf\u00e9\",\"description\":\"kiralyifalat.hu\",\"potentialAction\":[{\"@type\":\"SearchAction\",\"target\":{\"@type\":\"EntryPoint\",\"urlTemplate\":\"http:\/\/kiralyifalat.hu\/finomfalatok\/?s={search_term_string}\"},\"query-input\":{\"@type\":\"PropertyValueSpecification\",\"valueRequired\":true,\"valueName\":\"search_term_string\"}}],\"inLanguage\":\"hu\"}]}<\/script>\n<!-- \/ Yoast SEO plugin. -->","yoast_head_json":{"title":"K\u00f6retek","description":"K\u00f6retek, B\u00fcf\u00e9, R\u00f3mai-part, Petrezselymes burgonya, P\u00e1rolt rizs, Tarhonya, P\u00e1rolt vegyes z\u00f6lds\u00e9g, Rizi-bizi, S\u00fclt burgonya, Galuska, Spagetti, Burgonya p\u00fcr\u00e9, R\u00f3mai part, R\u00f3maipart","robots":{"index":"index","follow":"follow","max-snippet":"max-snippet:-1","max-image-preview":"max-image-preview:large","max-video-preview":"max-video-preview:-1"},"canonical":"http:\/\/kiralyifalat.hu\/finomfalatok\/eteleink\/etelkinalatunk\/koretek\/","og_locale":"hu_HU","og_type":"article","og_title":"K\u00f6retek","og_description":"K\u00f6retek, B\u00fcf\u00e9, R\u00f3mai-part, Petrezselymes burgonya, P\u00e1rolt rizs, Tarhonya, P\u00e1rolt vegyes z\u00f6lds\u00e9g, Rizi-bizi, S\u00fclt burgonya, Galuska, Spagetti, Burgonya p\u00fcr\u00e9, R\u00f3mai part, R\u00f3maipart","og_url":"http:\/\/kiralyifalat.hu\/finomfalatok\/eteleink\/etelkinalatunk\/koretek\/","og_site_name":"Finom Falatok B\u00fcf\u00e9","article_modified_time":"2018-01-14T22:29:02+00:00","schema":{"@context":"https:\/\/schema.org","@graph":[{"@type":"WebPage","@id":"http:\/\/kiralyifalat.hu\/finomfalatok\/eteleink\/etelkinalatunk\/koretek\/","url":"http:\/\/kiralyifalat.hu\/finomfalatok\/eteleink\/etelkinalatunk\/koretek\/","name":"K\u00f6retek","isPartOf":{"@id":"http:\/\/kiralyifalat.hu\/finomfalatok\/#website"},"datePublished":"2014-02-09T14:19:49+00:00","dateModified":"2018-01-14T22:29:02+00:00","description":"K\u00f6retek, B\u00fcf\u00e9, R\u00f3mai-part, Petrezselymes burgonya, P\u00e1rolt rizs, Tarhonya, P\u00e1rolt vegyes z\u00f6lds\u00e9g, Rizi-bizi, S\u00fclt burgonya, Galuska, Spagetti, Burgonya p\u00fcr\u00e9, R\u00f3mai part, R\u00f3maipart","breadcrumb":{"@id":"http:\/\/kiralyifalat.hu\/finomfalatok\/eteleink\/etelkinalatunk\/koretek\/#breadcrumb"},"inLanguage":"hu","potentialAction":[{"@type":"ReadAction","target":["http:\/\/kiralyifalat.hu\/finomfalatok\/eteleink\/etelkinalatunk\/koretek\/"]}]},{"@type":"BreadcrumbList","@id":"http:\/\/kiralyifalat.hu\/finomfalatok\/eteleink\/etelkinalatunk\/koretek\/#breadcrumb","itemListElement":[{"@type":"ListItem","position":1,"name":"Home","item":"http:\/\/kiralyifalat.hu\/finomfalatok\/"},{"@type":"ListItem","position":2,"name":"\u00c9teleink","item":"http:\/\/kiralyifalat.hu\/finomfalatok\/eteleink\/"},{"@type":"ListItem","position":3,"name":"\u00c9telk\u00edn\u00e1latunk","item":"http:\/\/kiralyifalat.hu\/finomfalatok\/eteleink\/etelkinalatunk\/"},{"@type":"ListItem","position":4,"name":"K\u00f6retek"}]},{"@type":"WebSite","@id":"http:\/\/kiralyifalat.hu\/finomfalatok\/#website","url":"http:\/\/kiralyifalat.hu\/finomfalatok\/","name":"Finom Falatok B\u00fcf\u00e9","description":"kiralyifalat.hu","potentialAction":[{"@type":"SearchAction","target":{"@type":"EntryPoint","urlTemplate":"http:\/\/kiralyifalat.hu\/finomfalatok\/?s={search_term_string}"},"query-input":{"@type":"PropertyValueSpecification","valueRequired":true,"valueName":"search_term_string"}}],"inLanguage":"hu"}]}},"publishpress_future_action":{"enabled":false,"date":"2026-04-13 14:39:42","action":"change-status","newStatus":"draft","terms":[],"taxonomy":""},"publishpress_future_workflow_manual_trigger":{"enabledWorkflows":[]},"_links":{"self":[{"href":"http:\/\/kiralyifalat.hu\/finomfalatok\/wp-json\/wp\/v2\/pages\/543","targetHints":{"allow":["GET"]}}],"collection":[{"href":"http:\/\/kiralyifalat.hu\/finomfalatok\/wp-json\/wp\/v2\/pages"}],"about":[{"href":"http:\/\/kiralyifalat.hu\/finomfalatok\/wp-json\/wp\/v2\/types\/page"}],"author":[{"embeddable":true,"href":"http:\/\/kiralyifalat.hu\/finomfalatok\/wp-json\/wp\/v2\/users\/5"}],"replies":[{"embeddable":true,"href":"http:\/\/kiralyifalat.hu\/finomfalatok\/wp-json\/wp\/v2\/comments?post=543"}],"version-history":[{"count":0,"href":"http:\/\/kiralyifalat.hu\/finomfalatok\/wp-json\/wp\/v2\/pages\/543\/revisions"}],"up":[{"embeddable":true,"href":"http:\/\/kiralyifalat.hu\/finomfalatok\/wp-json\/wp\/v2\/pages\/623"}],"wp:attachment":[{"href":"http:\/\/kiralyifalat.hu\/finomfalatok\/wp-json\/wp\/v2\/media?parent=543"}],"curies":[{"name":"wp","href":"https:\/\/api.w.org\/{rel}","templated":true}]}}