{"id":45,"date":"2013-03-19T00:18:13","date_gmt":"2013-03-18T23:18:13","guid":{"rendered":"http:\/\/kiralyifalat.hu\/finomfalatok\/?page_id=45"},"modified":"2026-03-31T19:01:42","modified_gmt":"2026-03-31T17:01:42","slug":"finom-falatok-bufe","status":"publish","type":"page","link":"http:\/\/kiralyifalat.hu\/finomfalatok\/","title":{"rendered":"Finom Falatok B\u00fcf\u00e9"},"content":{"rendered":"<p><strong><span style=\"font-size: 18px;\">Ha szeretne egy j\u00f3t eb\u00e9delni a R\u00f3mai-part k\u00f6zel\u00e9ben, keressen minket a Kir\u00e1lyok \u00fatja 34. c\u00edmen!<\/span><\/strong><br \/>\n<span style=\"font-size: 16px;\"> <div class=\"one_half\"><div class=\"orange-box\">\u00dcdv\u00f6z\u00f6lj\u00fck b\u00fcf\u00e9nkben!<\/div>H\u00e1zias meleg \u00e9telekkel, sz\u00e9les k\u00edn\u00e1lattal v\u00e1rjuk Kedves Vend\u00e9geinket a R\u00f3mai-part k\u00f6zel\u00e9ben, a <a title=\"Kapcsolat\" href=\"http:\/\/kiralyifalat.hu\/finomfalatok\/?page_id=7\">Kir\u00e1lyok \u00fatja 34<\/a>-ben.<br \/>\nB\u00fcf\u00e9nk az 1960-as \u00e9vek \u00f3ta \u00fczemel folyamatosan. T\u00f6reksz\u00fcnk a hagyom\u00e1nyaink \u00e1pol\u00e1s\u00e1ra, t\u00f6rzsvend\u00e9geink kedvenc \u00e9telei folyamatosan k\u00edn\u00e1latunkban szerepelnek.<br \/>\nAlapanyagaink 100%-ban magyar, min\u0151s\u00e9gi term\u00e9kek.<br \/>\nMin\u0151s\u00e9gi \u00e9teleinket el\u00e9rhet\u0151 \u00e1ron k\u00edn\u00e1ljuk!<\/span><br \/>\n<span style=\"font-size: 16px;\"><div class=\"orange-box\">Nyitvatart\u00e1s:<\/div><\/span><\/p>\n<div dir=\"ltr\">H\u00e9tk\u00f6znap: \u00a012:00-16:00<br \/>\nSzombat: \u00a0\u00a0\u00a0 Z\u00e1rva<br \/>\nVas\u00e1rnap: \u00a0\u00a0 Z\u00e1rva<\/div>\n<div dir=\"ltr\"><\/div>\n<p><span style=\"font-size: 16px;\"><\/div><div class=\"one_half last\"><!--\n&#091;orange_box&#093;Fizet\u00e9si m\u00f3dok:&#091;\/orange_box&#093;B\u00fcf\u00e9nkben a k\u00e9szp\u00e9nzen k\u00edv\u00fcl Erzs\u00e9bet utalv\u00e1nyt fogadunk el, k\u00e1rty\u00e1s fizet\u00e9si lehet\u0151s\u00e9g nincs.\n--><div class=\"orange-box\">Fogyaszt\u00e1s helyben \u00e9s elvitelre, heti men\u00fc:<\/div>Lehet\u0151s\u00e9g van helyben fogyaszt\u00e1sra \u00e9s elvitelre is, ezen k\u00edv\u00fcl heti men\u00fc k\u00edn\u00e1lattal \u00e1llunk Kedves Vend\u00e9geink rendelkez\u00e9sre, m\u00e9g kedvez\u0151bb \u00e1ron. A h\u00e1zhozsz\u00e1ll\u00edt\u00e1st a tov\u00e1bbiakban nem tudjuk v\u00e1llalni, ez\u00e9rt megsz\u00fcntetj\u00fck. A heti men\u00fc megrendel\u00e9s\u00e9re a helysz\u00ednen, pap\u00edr alapon van lehet\u0151s\u00e9g. Meg\u00e9rt\u00e9s\u00fcket k\u00f6sz\u00f6nj\u00fck!<br \/>\n<div class=\"orange-box\">\u00c9telk\u00e9sz\u00edt\u00e9s esem\u00e9nyekre, rendezv\u00e9nyekre:<\/div>Csoportok sz\u00e1m\u00e1ra \u00e9s rendezv\u00e9nyekre \u00e9telk\u00e9sz\u00edt\u00e9st v\u00e1llalunk!<br \/>\n<div class=\"orange-box\">\u00dajdons\u00e1g!<\/div>B\u00fcf\u00e9nkben ingyenes WIFI el\u00e9r\u00e9s ker\u00fclt ki\u00e9p\u00edt\u00e9sre.<\/p>\n<\/div><\/span><br \/>\n<div id=\"su_carousel_69e49c8c120a6\" class=\"su-carousel su-carousel-centered su-carousel-pages-no su-carousel-responsive-yes\" style=\"width:100%\" data-autoplay=\"3000\" data-speed=\"600\" data-mousewheel=\"true\" data-items=\"3\" data-scroll=\"1\"><div class=\"su-carousel-slides\"><div class=\"su-carousel-slide\"><a><img decoding=\"async\" src=\"http:\/\/kiralyifalat.hu\/finomfalatok\/wp-content\/uploads\/Rakott-kelk\u00e1poszta-182x100.jpg\" alt=\"Rakott kelk\u00e1poszta\" \/><span class=\"su-carousel-slide-title\">Rakott kelk\u00e1poszta<\/span><\/a><\/div><div class=\"su-carousel-slide\"><a><img decoding=\"async\" src=\"http:\/\/kiralyifalat.hu\/finomfalatok\/wp-content\/uploads\/Mexik\u00f3i-csirkeragu-rizzsel-182x100.jpg\" alt=\"Mexik\u00f3i csirkeragu rizzsel\" \/><span class=\"su-carousel-slide-title\">Mexik\u00f3i csirkeragu rizzsel<\/span><\/a><\/div><div class=\"su-carousel-slide\"><a><img decoding=\"async\" src=\"http:\/\/kiralyifalat.hu\/finomfalatok\/wp-content\/uploads\/M\u00e1jgaluskaleves-182x100.jpg\" alt=\"M\u00e1jgaluskaleves\" \/><span class=\"su-carousel-slide-title\">M\u00e1jgaluskaleves<\/span><\/a><\/div><div class=\"su-carousel-slide\"><a><img decoding=\"async\" src=\"http:\/\/kiralyifalat.hu\/finomfalatok\/wp-content\/uploads\/S\u00fclt-csirkecomb-rizzsel-182x100.jpg\" alt=\"S\u00fclt csirkecomb rizzsel\" \/><span class=\"su-carousel-slide-title\">S\u00fclt csirkecomb rizzsel<\/span><\/a><\/div><div class=\"su-carousel-slide\"><a><img decoding=\"async\" src=\"http:\/\/kiralyifalat.hu\/finomfalatok\/wp-content\/uploads\/H\u00fasgomb\u00f3c-leves-182x100.jpg\" alt=\"H\u00fasgomb\u00f3cleves\" \/><span class=\"su-carousel-slide-title\">H\u00fasgomb\u00f3cleves<\/span><\/a><\/div><div class=\"su-carousel-slide\"><a><img decoding=\"async\" src=\"http:\/\/kiralyifalat.hu\/finomfalatok\/wp-content\/uploads\/Gomb\u00e1val-t\u00f6lt\u00f6tt-csirkecomb-rizzsel-182x100.jpg\" alt=\"Gomb\u00e1val t\u00f6lt\u00f6tt csirkecomb rizzsel\" \/><span class=\"su-carousel-slide-title\">Gomb\u00e1val t\u00f6lt\u00f6tt csirkecomb rizzsel<\/span><\/a><\/div><div class=\"su-carousel-slide\"><a><img decoding=\"async\" src=\"http:\/\/kiralyifalat.hu\/finomfalatok\/wp-content\/uploads\/Bolognai-spagetti-182x100.jpg\" alt=\"Bolognai spagetti\" \/><span class=\"su-carousel-slide-title\">Bolognai spagetti<\/span><\/a><\/div><\/div><div class=\"su-carousel-nav\"><div class=\"su-carousel-direction\"><span class=\"su-carousel-prev\"><\/span><span class=\"su-carousel-next\"><\/span><\/div><div class=\"su-carousel-pagination\"><\/div><\/div><\/div>\n<p><!--\n[su_button url=\"http:\/\/kiralyifalat.hu\/finomfalatok\/karacsonyi-menu\/\" background=\"#FBC36D\" color= \"#000000\" size=\"6\" wide=\"yes\" center=\"yes\"]Kar\u00e1csonyi men\u00fc[\/su_button]\n\n[red_box]<strong><span style=\"font-size: 18px;\">Kedves L\u00e1togat\u00f3nk! Heti men\u00fc online rendel\u00e9s technikai okokb\u00f3l jelenleg nem m\u0171k\u00f6dik!<\/span><\/strong>[\/red_box]\n\n[red_box]<strong><span style=\"font-size: 18px;\">Kedves Vend\u00e9geink! 2024 szeptember 9.-t\u0151l szabads\u00e1g miatt z\u00e1rva tartunk, nyit\u00e1s 2024 szeptember 24.-\u00e9n.<\/span><\/strong>[\/red_box]\n\n[red_box]<strong><span style=\"font-size: 18px;\">\u00dczlethelyis\u00e9g\u00fcnkben a kiszolg\u00e1l\u00e1s 2020.03.21-t\u0151l ideiglenesen sz\u00fcnetel. Men\u00fc rendel\u00e9s h\u00e1zhozsz\u00e1ll\u00edt\u00e1ssal szolg\u00e1ltat\u00e1sunk tov\u00e1bbra is el\u00e9rhet\u0151. A helyzet s\u00falyosbod\u00e1sa eset\u00e9n a kock\u00e1zatok elker\u00fcl\u00e9se \u00e9rdek\u00e9ben fontol\u00f3ra vessz\u00fck a teljes le\u00e1ll\u00e1st. Err\u0151l id\u0151ben t\u00e1j\u00e9koztat\u00e1st adunk. K\u00f6sz\u00f6nj\u00fck meg\u00e9rt\u00e9s\u00fcket!<\/span><\/strong>[\/red_box]\n\n[red_box]<strong><span style=\"font-size: 18px;\">Kedves Vend\u00e9geink! \u00c1raink 2023.01.23.-t\u00f3l v\u00e1ltoznak, a r\u00e9szletekr\u0151l \u00fczlet\u00fcnkben t\u00e1j\u00e9koz\u00f3dhatnak. Men\u00fc \u00faj \u00e1rak: levesek 600,- Ft., f\u0151\u00e9telek 1300,- Ft.<\/span><\/strong>[\/red_box]\n\n[red_box]<strong><span style=\"font-size: 18px;\">Kedves Vend\u00e9geink! \u00c1raink 2025.03.03.-t\u00f3l v\u00e1ltoznak, a r\u00e9szletekr\u0151l \u00fczlet\u00fcnkben t\u00e1j\u00e9koz\u00f3dhatnak. Men\u00fc \u00faj \u00e1rak: levesek 650,- Ft., f\u0151\u00e9telek 1450,- Ft.<\/span><\/strong>[\/red_box]\n\n[red_box]<strong><span style=\"font-size: 18px;\">Kedves Vend\u00e9geink! 2022 Augusztus 15.-t\u0151l szabads\u00e1g \u00e9s fel\u00faj\u00edt\u00e1s miatt z\u00e1rva tartunk, nyit\u00e1s 2021 szeptember 1.-\u00e9n.<\/span><\/strong>[\/red_box]\n\n[red_box]<strong><span style=\"font-size: 18px;\">Kedves Vend\u00e9geink! \u00dczlet\u00fcnk 2022.10.10.-2022.10.14. k\u00f6z\u00f6tt betegs\u00e9g miatt z\u00e1rva tart. Nyit\u00e1s tervezett id\u0151pontja 2022.10.17. Meg\u00e9rt\u00e9s\u00fcket k\u00f6sz\u00f6nj\u00fck!.<\/span><\/strong>[\/red_box]\n\n<img loading=\"lazy\" decoding=\"async\" class=\"aligncenter size-medium wp-image-2701\" src=\"http:\/\/kiralyifalat.hu\/finomfalatok\/wp-content\/uploads\/karacsony_wide_01_1920x400-300x63.jpg\" alt=\"\" width=\"1920\" height=\"400\" srcset=\"http:\/\/kiralyifalat.hu\/finomfalatok\/wp-content\/uploads\/karacsony_wide_01_1920x400-300x63.jpg 300w, http:\/\/kiralyifalat.hu\/finomfalatok\/wp-content\/uploads\/karacsony_wide_01_1920x400-768x160.jpg 768w, http:\/\/kiralyifalat.hu\/finomfalatok\/wp-content\/uploads\/karacsony_wide_01_1920x400-1024x213.jpg 1024w, http:\/\/kiralyifalat.hu\/finomfalatok\/wp-content\/uploads\/karacsony_wide_01_1920x400.jpg 1920w\" sizes=\"auto, (max-width: 1920px) 100vw, 1920px\" \/>\n\n[red_box]<strong><span style=\"font-size: 18px;\">Kedves Vend\u00e9geink! 2023 Augusztus 14.-t\u0151l eg\u00e9szs\u00e9g\u00fcgyi okok miatt z\u00e1rva tartunk, nyit\u00e1s v\u00e1rhat\u00f3an szeptember v\u00e9ge, okt\u00f3ber eleje. A nyit\u00e1s pontos id\u0151pontj\u00e1r\u00f3l k\u00e9s\u0151bb fogunk tudni t\u00e1j\u00e9koztat\u00e1st adni oldalunkon. Meg\u00e9rt\u00e9s\u00fcket k\u00f6sz\u00f6nj\u00fck!<\/span><\/strong>[\/red_box]\n[red_box]<strong><span style=\"font-size: 18px;\">Kedves Vend\u00e9geink! 2024 janu\u00e1r 8.-t\u00f3l eg\u00e9szs\u00e9g\u00fcgyi okok miatt z\u00e1rva tartunk, nyit\u00e1s 2024.01.29. Meg\u00e9rt\u00e9s\u00fcket k\u00f6sz\u00f6nj\u00fck!<\/span><\/strong>[\/red_box][red_box]<strong><span style=\"font-size: 18px;\">Kellemes Kar\u00e1csonyi \u00dcnnepeket \u00e9s sikerekben gazdag Boldog \u00daj \u00c9vet k\u00edv\u00e1nunk! \u00dczlet\u00fcnk 2025 december 22.-t\u0151l z\u00e1rva tart, 2026 janu\u00e1r 5.-\u00e9n v\u00e1rjuk \u00fajra szeretettel Kedves Vend\u00e9geinket! <\/span><\/strong>[\/red_box]\n\n[red_box]<strong><span style=\"font-size: 18px;\">Kedves Vend\u00e9geink! 2025 augusztus 18.-t\u00f3l szabads\u00e1g miatt z\u00e1rva tartunk, nyit\u00e1s 2025 szeptember 8.-\u00e1n.<\/span><\/strong>[\/red_box]  --&gt;\n<!--?php include_once(\"analyticstracking.php\") ?\n\n<img loading=\"lazy\" decoding=\"async\" class=\"aligncenter size-medium wp-image-2701\" src=\"http:\/\/kiralyifalat.hu\/finomfalatok\/wp-content\/uploads\/karacsony_wide_01_1920x400-300x63.jpg\" alt=\"\" width=\"1920\" height=\"400\" srcset=\"http:\/\/kiralyifalat.hu\/finomfalatok\/wp-content\/uploads\/karacsony_wide_01_1920x400-300x63.jpg 300w, http:\/\/kiralyifalat.hu\/finomfalatok\/wp-content\/uploads\/karacsony_wide_01_1920x400-768x160.jpg 768w, http:\/\/kiralyifalat.hu\/finomfalatok\/wp-content\/uploads\/karacsony_wide_01_1920x400-1024x213.jpg 1024w, http:\/\/kiralyifalat.hu\/finomfalatok\/wp-content\/uploads\/karacsony_wide_01_1920x400.jpg 1920w\" sizes=\"auto, (max-width: 1920px) 100vw, 1920px\" \/>\n\n[red_box]<strong><span style=\"font-size: 18px;\">Kedves Vend\u00e9geink! \u00dczlet\u00fcnk 2026.01.06.-t\u00f3l betegs\u00e9g miatt bizonytalan ideig z\u00e1rva tart.\u00a0 Meg\u00e9rt\u00e9s\u00fcket k\u00f6sz\u00f6nj\u00fck!<\/span><\/strong>[\/red_box]\n--><\/p>\n","protected":false},"excerpt":{"rendered":"<p>Ha szeretne egy j\u00f3t eb\u00e9delni a R\u00f3mai-part k\u00f6zel\u00e9ben, keressen minket a Kir\u00e1lyok \u00fatja 34. c\u00edmen!<\/p>\n","protected":false},"author":5,"featured_media":0,"parent":0,"menu_order":0,"comment_status":"closed","ping_status":"closed","template":"","meta":{"footnotes":""},"class_list":["post-45","page","type-page","status-publish","hentry"],"yoast_head":"<!-- This site is optimized with the Yoast SEO plugin v23.8 - https:\/\/yoast.com\/wordpress\/plugins\/seo\/ -->\n<title>Finom Falatok B\u00fcf\u00e9 - B\u00fcf\u00e9 a R\u00f3mai part k\u00f6zel\u00e9ben<\/title>\n<meta name=\"description\" content=\"Finom Falatok B\u00fcf\u00e9, B\u00fcf\u00e9, R\u00f3mai-part, Kir\u00e1lyok \u00fatja 34., Kif\u0151zde, Eb\u00e9d, Vend\u00e9gl\u00e1t\u00e1s, H\u00e1zhozsz\u00e1ll\u00edt\u00e1s, Elvitel, Budapest, R\u00f3mai part, R\u00f3mai, kiralyifalat, R\u00f3maipart\" \/>\n<meta name=\"robots\" content=\"index, follow, max-snippet:-1, max-image-preview:large, max-video-preview:-1\" \/>\n<link rel=\"canonical\" href=\"http:\/\/kiralyifalat.hu\/finomfalatok\/\" \/>\n<meta property=\"og:locale\" content=\"hu_HU\" \/>\n<meta property=\"og:type\" content=\"article\" \/>\n<meta property=\"og:title\" content=\"Finom Falatok B\u00fcf\u00e9 - B\u00fcf\u00e9 a R\u00f3mai part k\u00f6zel\u00e9ben\" \/>\n<meta property=\"og:description\" content=\"Finom Falatok B\u00fcf\u00e9, B\u00fcf\u00e9, R\u00f3mai-part, Kir\u00e1lyok \u00fatja 34., Kif\u0151zde, Eb\u00e9d, Vend\u00e9gl\u00e1t\u00e1s, H\u00e1zhozsz\u00e1ll\u00edt\u00e1s, Elvitel, Budapest, R\u00f3mai part, R\u00f3mai, kiralyifalat, R\u00f3maipart\" \/>\n<meta property=\"og:url\" content=\"http:\/\/kiralyifalat.hu\/finomfalatok\/\" \/>\n<meta property=\"og:site_name\" content=\"Finom Falatok B\u00fcf\u00e9\" \/>\n<meta property=\"article:modified_time\" content=\"2026-03-31T17:01:42+00:00\" \/>\n<meta property=\"og:image\" content=\"http:\/\/kiralyifalat.hu\/finomfalatok\/wp-content\/uploads\/karacsony_wide_01_1920x400-300x63.jpg\" \/>\n<meta name=\"twitter:label1\" content=\"Becs\u00fclt olvas\u00e1si id\u0151\" \/>\n\t<meta name=\"twitter:data1\" content=\"1 perc\" \/>\n<script type=\"application\/ld+json\" class=\"yoast-schema-graph\">{\"@context\":\"https:\/\/schema.org\",\"@graph\":[{\"@type\":\"WebPage\",\"@id\":\"http:\/\/kiralyifalat.hu\/finomfalatok\/\",\"url\":\"http:\/\/kiralyifalat.hu\/finomfalatok\/\",\"name\":\"Finom Falatok B\u00fcf\u00e9 - B\u00fcf\u00e9 a R\u00f3mai part k\u00f6zel\u00e9ben\",\"isPartOf\":{\"@id\":\"http:\/\/kiralyifalat.hu\/finomfalatok\/#website\"},\"primaryImageOfPage\":{\"@id\":\"http:\/\/kiralyifalat.hu\/finomfalatok\/#primaryimage\"},\"image\":{\"@id\":\"http:\/\/kiralyifalat.hu\/finomfalatok\/#primaryimage\"},\"thumbnailUrl\":\"http:\/\/kiralyifalat.hu\/finomfalatok\/wp-content\/uploads\/karacsony_wide_01_1920x400-300x63.jpg\",\"datePublished\":\"2013-03-18T23:18:13+00:00\",\"dateModified\":\"2026-03-31T17:01:42+00:00\",\"description\":\"Finom Falatok B\u00fcf\u00e9, B\u00fcf\u00e9, R\u00f3mai-part, Kir\u00e1lyok \u00fatja 34., Kif\u0151zde, Eb\u00e9d, Vend\u00e9gl\u00e1t\u00e1s, H\u00e1zhozsz\u00e1ll\u00edt\u00e1s, Elvitel, Budapest, R\u00f3mai part, R\u00f3mai, kiralyifalat, R\u00f3maipart\",\"breadcrumb\":{\"@id\":\"http:\/\/kiralyifalat.hu\/finomfalatok\/#breadcrumb\"},\"inLanguage\":\"hu\",\"potentialAction\":[{\"@type\":\"ReadAction\",\"target\":[\"http:\/\/kiralyifalat.hu\/finomfalatok\/\"]}]},{\"@type\":\"ImageObject\",\"inLanguage\":\"hu\",\"@id\":\"http:\/\/kiralyifalat.hu\/finomfalatok\/#primaryimage\",\"url\":\"http:\/\/kiralyifalat.hu\/finomfalatok\/wp-content\/uploads\/karacsony_wide_01_1920x400.jpg\",\"contentUrl\":\"http:\/\/kiralyifalat.hu\/finomfalatok\/wp-content\/uploads\/karacsony_wide_01_1920x400.jpg\",\"width\":1920,\"height\":400},{\"@type\":\"BreadcrumbList\",\"@id\":\"http:\/\/kiralyifalat.hu\/finomfalatok\/#breadcrumb\",\"itemListElement\":[{\"@type\":\"ListItem\",\"position\":1,\"name\":\"Home\",\"item\":\"http:\/\/kiralyifalat.hu\/finomfalatok\/\"},{\"@type\":\"ListItem\",\"position\":2,\"name\":\"Finom Falatok B\u00fcf\u00e9\"}]},{\"@type\":\"WebSite\",\"@id\":\"http:\/\/kiralyifalat.hu\/finomfalatok\/#website\",\"url\":\"http:\/\/kiralyifalat.hu\/finomfalatok\/\",\"name\":\"Finom Falatok B\u00fcf\u00e9\",\"description\":\"kiralyifalat.hu\",\"potentialAction\":[{\"@type\":\"SearchAction\",\"target\":{\"@type\":\"EntryPoint\",\"urlTemplate\":\"http:\/\/kiralyifalat.hu\/finomfalatok\/?s={search_term_string}\"},\"query-input\":{\"@type\":\"PropertyValueSpecification\",\"valueRequired\":true,\"valueName\":\"search_term_string\"}}],\"inLanguage\":\"hu\"}]}<\/script>\n<!-- \/ Yoast SEO plugin. -->","yoast_head_json":{"title":"Finom Falatok B\u00fcf\u00e9 - B\u00fcf\u00e9 a R\u00f3mai part k\u00f6zel\u00e9ben","description":"Finom Falatok B\u00fcf\u00e9, B\u00fcf\u00e9, R\u00f3mai-part, Kir\u00e1lyok \u00fatja 34., Kif\u0151zde, Eb\u00e9d, Vend\u00e9gl\u00e1t\u00e1s, H\u00e1zhozsz\u00e1ll\u00edt\u00e1s, Elvitel, Budapest, R\u00f3mai part, R\u00f3mai, kiralyifalat, R\u00f3maipart","robots":{"index":"index","follow":"follow","max-snippet":"max-snippet:-1","max-image-preview":"max-image-preview:large","max-video-preview":"max-video-preview:-1"},"canonical":"http:\/\/kiralyifalat.hu\/finomfalatok\/","og_locale":"hu_HU","og_type":"article","og_title":"Finom Falatok B\u00fcf\u00e9 - B\u00fcf\u00e9 a R\u00f3mai part k\u00f6zel\u00e9ben","og_description":"Finom Falatok B\u00fcf\u00e9, B\u00fcf\u00e9, R\u00f3mai-part, Kir\u00e1lyok \u00fatja 34., Kif\u0151zde, Eb\u00e9d, Vend\u00e9gl\u00e1t\u00e1s, H\u00e1zhozsz\u00e1ll\u00edt\u00e1s, Elvitel, Budapest, R\u00f3mai part, R\u00f3mai, kiralyifalat, R\u00f3maipart","og_url":"http:\/\/kiralyifalat.hu\/finomfalatok\/","og_site_name":"Finom Falatok B\u00fcf\u00e9","article_modified_time":"2026-03-31T17:01:42+00:00","og_image":[{"url":"http:\/\/kiralyifalat.hu\/finomfalatok\/wp-content\/uploads\/karacsony_wide_01_1920x400-300x63.jpg"}],"twitter_misc":{"Becs\u00fclt olvas\u00e1si id\u0151":"1 perc"},"schema":{"@context":"https:\/\/schema.org","@graph":[{"@type":"WebPage","@id":"http:\/\/kiralyifalat.hu\/finomfalatok\/","url":"http:\/\/kiralyifalat.hu\/finomfalatok\/","name":"Finom Falatok B\u00fcf\u00e9 - B\u00fcf\u00e9 a R\u00f3mai part k\u00f6zel\u00e9ben","isPartOf":{"@id":"http:\/\/kiralyifalat.hu\/finomfalatok\/#website"},"primaryImageOfPage":{"@id":"http:\/\/kiralyifalat.hu\/finomfalatok\/#primaryimage"},"image":{"@id":"http:\/\/kiralyifalat.hu\/finomfalatok\/#primaryimage"},"thumbnailUrl":"http:\/\/kiralyifalat.hu\/finomfalatok\/wp-content\/uploads\/karacsony_wide_01_1920x400-300x63.jpg","datePublished":"2013-03-18T23:18:13+00:00","dateModified":"2026-03-31T17:01:42+00:00","description":"Finom Falatok B\u00fcf\u00e9, B\u00fcf\u00e9, R\u00f3mai-part, Kir\u00e1lyok \u00fatja 34., Kif\u0151zde, Eb\u00e9d, Vend\u00e9gl\u00e1t\u00e1s, H\u00e1zhozsz\u00e1ll\u00edt\u00e1s, Elvitel, Budapest, R\u00f3mai part, R\u00f3mai, kiralyifalat, R\u00f3maipart","breadcrumb":{"@id":"http:\/\/kiralyifalat.hu\/finomfalatok\/#breadcrumb"},"inLanguage":"hu","potentialAction":[{"@type":"ReadAction","target":["http:\/\/kiralyifalat.hu\/finomfalatok\/"]}]},{"@type":"ImageObject","inLanguage":"hu","@id":"http:\/\/kiralyifalat.hu\/finomfalatok\/#primaryimage","url":"http:\/\/kiralyifalat.hu\/finomfalatok\/wp-content\/uploads\/karacsony_wide_01_1920x400.jpg","contentUrl":"http:\/\/kiralyifalat.hu\/finomfalatok\/wp-content\/uploads\/karacsony_wide_01_1920x400.jpg","width":1920,"height":400},{"@type":"BreadcrumbList","@id":"http:\/\/kiralyifalat.hu\/finomfalatok\/#breadcrumb","itemListElement":[{"@type":"ListItem","position":1,"name":"Home","item":"http:\/\/kiralyifalat.hu\/finomfalatok\/"},{"@type":"ListItem","position":2,"name":"Finom Falatok B\u00fcf\u00e9"}]},{"@type":"WebSite","@id":"http:\/\/kiralyifalat.hu\/finomfalatok\/#website","url":"http:\/\/kiralyifalat.hu\/finomfalatok\/","name":"Finom Falatok B\u00fcf\u00e9","description":"kiralyifalat.hu","potentialAction":[{"@type":"SearchAction","target":{"@type":"EntryPoint","urlTemplate":"http:\/\/kiralyifalat.hu\/finomfalatok\/?s={search_term_string}"},"query-input":{"@type":"PropertyValueSpecification","valueRequired":true,"valueName":"search_term_string"}}],"inLanguage":"hu"}]}},"publishpress_future_action":{"enabled":false,"date":"2026-04-26 11:12:44","action":"change-status","newStatus":"draft","terms":[],"taxonomy":""},"publishpress_future_workflow_manual_trigger":{"enabledWorkflows":[]},"_links":{"self":[{"href":"http:\/\/kiralyifalat.hu\/finomfalatok\/wp-json\/wp\/v2\/pages\/45","targetHints":{"allow":["GET"]}}],"collection":[{"href":"http:\/\/kiralyifalat.hu\/finomfalatok\/wp-json\/wp\/v2\/pages"}],"about":[{"href":"http:\/\/kiralyifalat.hu\/finomfalatok\/wp-json\/wp\/v2\/types\/page"}],"author":[{"embeddable":true,"href":"http:\/\/kiralyifalat.hu\/finomfalatok\/wp-json\/wp\/v2\/users\/5"}],"replies":[{"embeddable":true,"href":"http:\/\/kiralyifalat.hu\/finomfalatok\/wp-json\/wp\/v2\/comments?post=45"}],"version-history":[{"count":32,"href":"http:\/\/kiralyifalat.hu\/finomfalatok\/wp-json\/wp\/v2\/pages\/45\/revisions"}],"predecessor-version":[{"id":9461,"href":"http:\/\/kiralyifalat.hu\/finomfalatok\/wp-json\/wp\/v2\/pages\/45\/revisions\/9461"}],"wp:attachment":[{"href":"http:\/\/kiralyifalat.hu\/finomfalatok\/wp-json\/wp\/v2\/media?parent=45"}],"curies":[{"name":"wp","href":"https:\/\/api.w.org\/{rel}","templated":true}]}}