{"id":1273,"date":"2014-11-29T09:57:25","date_gmt":"2014-11-29T08:57:25","guid":{"rendered":"http:\/\/kiralyifalat.hu\/finomfalatok\/?page_id=1273"},"modified":"2018-01-14T23:36:18","modified_gmt":"2018-01-14T22:36:18","slug":"heti-menu-uj-2","status":"publish","type":"page","link":"http:\/\/kiralyifalat.hu\/finomfalatok\/heti-menu-uj-2\/","title":{"rendered":"Heti men\u00fc rendel\u00e9s"},"content":{"rendered":"<p style=\"padding-left: 0px;\">A heti men\u00fct az al\u00e1bbi \u0171rlap kit\u00f6lt\u00e9s\u00e9vel rendelheti meg.<br \/>\nLehet\u0151s\u00e9g van ak\u00e1r egy napra is rendelni, de legk\u00e9s\u0151bb az adott nap el\u0151tti munkanapon adhat\u00f3 le a rendel\u00e9s.<br \/>\nH\u00e1zhozsz\u00e1ll\u00edt\u00e1ssal, vagy az \u00fczletben val\u00f3 \u00e1tv\u00e9tellel rendelhet\u0151 meg az \u00e9tel, h\u00e1zhozsz\u00e1ll\u00edt\u00e1s eset\u00e9n a sz\u00e1ll\u00edt\u00e1si c\u00edm megad\u00e1sa k\u00f6telez\u0151. H\u00e1zhozsz\u00e1ll\u00edt\u00e1s eset\u00e9n a megrendel\u00e9s napj\u00e1ra minimum egy levest \u00e9s egy f\u0151\u00e9telt kell v\u00e1lasztani, \u00fczletben t\u00f6rt\u00e9n\u0151 \u00e1tv\u00e9tel eset\u00e9n ilyen megk\u00f6t\u00e9s nincs.<br \/>\nLevesek 340,- ft, F\u0151\u00e9telek  550,- ft, napi rendel\u00e9s minimum 890.- ft. A v\u00e1ltoztat\u00e1s jog\u00e1t fenntartjuk! H\u00e1zhozsz\u00e1ll\u00edt\u00e1s eset\u00e9n a kisz\u00e1ll\u00edt\u00e1si ter\u00fclet a Szentendrei \u00fat Duna fel\u0151li oldala, a P\u00f3k utcai lak\u00f3telept\u0151l B\u00e9k\u00e1smegyerig.<br \/>\nMegrendel\u00e9se e-mailben ker\u00fcl tov\u00e1bb\u00edt\u00e1sra c\u00e9g\u00fcnk fel\u00e9, valamint az \u0171rlapon megadott e-mail c\u00edmre.<\/p>\n<p style=\"padding-left: 0px;\">Az \u0171rlapon megadott telefonsz\u00e1mon adategyeztet\u00e9s c\u00e9lj\u00e1b\u00f3l megkereshetj\u00fck.<br \/>\nKijelentj\u00fck, hogy szem\u00e9lyes adatait egy\u00e9b c\u00e9lra nem haszn\u00e1ljuk fel, \u00e9s harmadik f\u00e9l sz\u00e1m\u00e1ra nem adjuk \u00e1t.\n<\/p>\n<p><!-- [su_button url=\"http:\/\/kiralyifalat.hu\/finomfalatok\/\" background=\"#FBC36D\" color= \"#000000\" size=\"6\" wide=\"yes\" center=\"yes\"]Heti men\u00fc megrendel\u00e9se[\/su_button] --><\/p>\n","protected":false},"excerpt":{"rendered":"<p>A heti men\u00fct az al\u00e1bbi \u0171rlap kit\u00f6lt\u00e9s\u00e9vel rendelheti meg. Lehet\u0151s\u00e9g van ak\u00e1r egy napra is rendelni, de legk\u00e9s\u0151bb az adott nap el\u0151tti munkanapon adhat\u00f3 le a rendel\u00e9s. H\u00e1zhozsz\u00e1ll\u00edt\u00e1ssal, vagy az \u00fczletben val\u00f3 \u00e1tv\u00e9tellel rendelhet\u0151 meg az \u00e9tel, h\u00e1zhozsz\u00e1ll\u00edt\u00e1s eset\u00e9n a sz\u00e1ll\u00edt\u00e1si c\u00edm megad\u00e1sa k\u00f6telez\u0151. H\u00e1zhozsz\u00e1ll\u00edt\u00e1s eset\u00e9n a megrendel\u00e9s napj\u00e1ra minimum egy levest \u00e9s egy f\u0151\u00e9telt [&hellip;]<\/p>\n","protected":false},"author":5,"featured_media":0,"parent":0,"menu_order":6,"comment_status":"closed","ping_status":"closed","template":"","meta":{"footnotes":""},"class_list":["post-1273","page","type-page","status-publish","hentry"],"yoast_head":"<!-- This site is optimized with the Yoast SEO plugin v23.8 - https:\/\/yoast.com\/wordpress\/plugins\/seo\/ -->\n<title>Heti men\u00fc rendel\u00e9s - Finom Falatok B\u00fcf\u00e9<\/title>\n<meta name=\"description\" content=\"Heti men\u00fc, Elvitel, Elvitelre, H\u00e1zhozsz\u00e1ll\u00edt\u00e1s, Helyben fogyaszt\u00e1s, rendel\u00e9s, B\u00fcf\u00e9, R\u00f3mai-part, Kir\u00e1lyok \u00fatja 34., Finom Falatok B\u00fcf\u00e9, R\u00f3mai part, R\u00f3maipart\" \/>\n<meta name=\"robots\" content=\"index, follow, max-snippet:-1, max-image-preview:large, max-video-preview:-1\" \/>\n<link rel=\"canonical\" href=\"http:\/\/kiralyifalat.hu\/finomfalatok\/heti-menu-uj-2\/\" \/>\n<meta property=\"og:locale\" content=\"hu_HU\" \/>\n<meta property=\"og:type\" content=\"article\" \/>\n<meta property=\"og:title\" content=\"Heti men\u00fc rendel\u00e9s - Finom Falatok B\u00fcf\u00e9\" \/>\n<meta property=\"og:description\" content=\"Heti men\u00fc, Elvitel, Elvitelre, H\u00e1zhozsz\u00e1ll\u00edt\u00e1s, Helyben fogyaszt\u00e1s, rendel\u00e9s, B\u00fcf\u00e9, R\u00f3mai-part, Kir\u00e1lyok \u00fatja 34., Finom Falatok B\u00fcf\u00e9, R\u00f3mai part, R\u00f3maipart\" \/>\n<meta property=\"og:url\" content=\"http:\/\/kiralyifalat.hu\/finomfalatok\/heti-menu-uj-2\/\" \/>\n<meta property=\"og:site_name\" content=\"Finom Falatok B\u00fcf\u00e9\" \/>\n<meta property=\"article:modified_time\" content=\"2018-01-14T22:36:18+00:00\" \/>\n<meta name=\"twitter:label1\" content=\"Becs\u00fclt olvas\u00e1si id\u0151\" \/>\n\t<meta name=\"twitter:data1\" content=\"1 perc\" \/>\n<script type=\"application\/ld+json\" class=\"yoast-schema-graph\">{\"@context\":\"https:\/\/schema.org\",\"@graph\":[{\"@type\":\"WebPage\",\"@id\":\"http:\/\/kiralyifalat.hu\/finomfalatok\/heti-menu-uj-2\/\",\"url\":\"http:\/\/kiralyifalat.hu\/finomfalatok\/heti-menu-uj-2\/\",\"name\":\"Heti men\u00fc rendel\u00e9s - Finom Falatok B\u00fcf\u00e9\",\"isPartOf\":{\"@id\":\"http:\/\/kiralyifalat.hu\/finomfalatok\/#website\"},\"datePublished\":\"2014-11-29T08:57:25+00:00\",\"dateModified\":\"2018-01-14T22:36:18+00:00\",\"description\":\"Heti men\u00fc, Elvitel, Elvitelre, H\u00e1zhozsz\u00e1ll\u00edt\u00e1s, Helyben fogyaszt\u00e1s, rendel\u00e9s, B\u00fcf\u00e9, R\u00f3mai-part, Kir\u00e1lyok \u00fatja 34., Finom Falatok B\u00fcf\u00e9, R\u00f3mai part, R\u00f3maipart\",\"breadcrumb\":{\"@id\":\"http:\/\/kiralyifalat.hu\/finomfalatok\/heti-menu-uj-2\/#breadcrumb\"},\"inLanguage\":\"hu\",\"potentialAction\":[{\"@type\":\"ReadAction\",\"target\":[\"http:\/\/kiralyifalat.hu\/finomfalatok\/heti-menu-uj-2\/\"]}]},{\"@type\":\"BreadcrumbList\",\"@id\":\"http:\/\/kiralyifalat.hu\/finomfalatok\/heti-menu-uj-2\/#breadcrumb\",\"itemListElement\":[{\"@type\":\"ListItem\",\"position\":1,\"name\":\"Home\",\"item\":\"http:\/\/kiralyifalat.hu\/finomfalatok\/\"},{\"@type\":\"ListItem\",\"position\":2,\"name\":\"Heti men\u00fc rendel\u00e9s\"}]},{\"@type\":\"WebSite\",\"@id\":\"http:\/\/kiralyifalat.hu\/finomfalatok\/#website\",\"url\":\"http:\/\/kiralyifalat.hu\/finomfalatok\/\",\"name\":\"Finom Falatok B\u00fcf\u00e9\",\"description\":\"kiralyifalat.hu\",\"potentialAction\":[{\"@type\":\"SearchAction\",\"target\":{\"@type\":\"EntryPoint\",\"urlTemplate\":\"http:\/\/kiralyifalat.hu\/finomfalatok\/?s={search_term_string}\"},\"query-input\":{\"@type\":\"PropertyValueSpecification\",\"valueRequired\":true,\"valueName\":\"search_term_string\"}}],\"inLanguage\":\"hu\"}]}<\/script>\n<!-- \/ Yoast SEO plugin. -->","yoast_head_json":{"title":"Heti men\u00fc rendel\u00e9s - Finom Falatok B\u00fcf\u00e9","description":"Heti men\u00fc, Elvitel, Elvitelre, H\u00e1zhozsz\u00e1ll\u00edt\u00e1s, Helyben fogyaszt\u00e1s, rendel\u00e9s, B\u00fcf\u00e9, R\u00f3mai-part, Kir\u00e1lyok \u00fatja 34., Finom Falatok B\u00fcf\u00e9, R\u00f3mai part, R\u00f3maipart","robots":{"index":"index","follow":"follow","max-snippet":"max-snippet:-1","max-image-preview":"max-image-preview:large","max-video-preview":"max-video-preview:-1"},"canonical":"http:\/\/kiralyifalat.hu\/finomfalatok\/heti-menu-uj-2\/","og_locale":"hu_HU","og_type":"article","og_title":"Heti men\u00fc rendel\u00e9s - Finom Falatok B\u00fcf\u00e9","og_description":"Heti men\u00fc, Elvitel, Elvitelre, H\u00e1zhozsz\u00e1ll\u00edt\u00e1s, Helyben fogyaszt\u00e1s, rendel\u00e9s, B\u00fcf\u00e9, R\u00f3mai-part, Kir\u00e1lyok \u00fatja 34., Finom Falatok B\u00fcf\u00e9, R\u00f3mai part, R\u00f3maipart","og_url":"http:\/\/kiralyifalat.hu\/finomfalatok\/heti-menu-uj-2\/","og_site_name":"Finom Falatok B\u00fcf\u00e9","article_modified_time":"2018-01-14T22:36:18+00:00","twitter_misc":{"Becs\u00fclt olvas\u00e1si id\u0151":"1 perc"},"schema":{"@context":"https:\/\/schema.org","@graph":[{"@type":"WebPage","@id":"http:\/\/kiralyifalat.hu\/finomfalatok\/heti-menu-uj-2\/","url":"http:\/\/kiralyifalat.hu\/finomfalatok\/heti-menu-uj-2\/","name":"Heti men\u00fc rendel\u00e9s - Finom Falatok B\u00fcf\u00e9","isPartOf":{"@id":"http:\/\/kiralyifalat.hu\/finomfalatok\/#website"},"datePublished":"2014-11-29T08:57:25+00:00","dateModified":"2018-01-14T22:36:18+00:00","description":"Heti men\u00fc, Elvitel, Elvitelre, H\u00e1zhozsz\u00e1ll\u00edt\u00e1s, Helyben fogyaszt\u00e1s, rendel\u00e9s, B\u00fcf\u00e9, R\u00f3mai-part, Kir\u00e1lyok \u00fatja 34., Finom Falatok B\u00fcf\u00e9, R\u00f3mai part, R\u00f3maipart","breadcrumb":{"@id":"http:\/\/kiralyifalat.hu\/finomfalatok\/heti-menu-uj-2\/#breadcrumb"},"inLanguage":"hu","potentialAction":[{"@type":"ReadAction","target":["http:\/\/kiralyifalat.hu\/finomfalatok\/heti-menu-uj-2\/"]}]},{"@type":"BreadcrumbList","@id":"http:\/\/kiralyifalat.hu\/finomfalatok\/heti-menu-uj-2\/#breadcrumb","itemListElement":[{"@type":"ListItem","position":1,"name":"Home","item":"http:\/\/kiralyifalat.hu\/finomfalatok\/"},{"@type":"ListItem","position":2,"name":"Heti men\u00fc rendel\u00e9s"}]},{"@type":"WebSite","@id":"http:\/\/kiralyifalat.hu\/finomfalatok\/#website","url":"http:\/\/kiralyifalat.hu\/finomfalatok\/","name":"Finom Falatok B\u00fcf\u00e9","description":"kiralyifalat.hu","potentialAction":[{"@type":"SearchAction","target":{"@type":"EntryPoint","urlTemplate":"http:\/\/kiralyifalat.hu\/finomfalatok\/?s={search_term_string}"},"query-input":{"@type":"PropertyValueSpecification","valueRequired":true,"valueName":"search_term_string"}}],"inLanguage":"hu"}]}},"publishpress_future_action":{"enabled":false,"date":"2026-04-12 14:27:31","action":"change-status","newStatus":"draft","terms":[],"taxonomy":""},"publishpress_future_workflow_manual_trigger":{"enabledWorkflows":[]},"_links":{"self":[{"href":"http:\/\/kiralyifalat.hu\/finomfalatok\/wp-json\/wp\/v2\/pages\/1273","targetHints":{"allow":["GET"]}}],"collection":[{"href":"http:\/\/kiralyifalat.hu\/finomfalatok\/wp-json\/wp\/v2\/pages"}],"about":[{"href":"http:\/\/kiralyifalat.hu\/finomfalatok\/wp-json\/wp\/v2\/types\/page"}],"author":[{"embeddable":true,"href":"http:\/\/kiralyifalat.hu\/finomfalatok\/wp-json\/wp\/v2\/users\/5"}],"replies":[{"embeddable":true,"href":"http:\/\/kiralyifalat.hu\/finomfalatok\/wp-json\/wp\/v2\/comments?post=1273"}],"version-history":[{"count":0,"href":"http:\/\/kiralyifalat.hu\/finomfalatok\/wp-json\/wp\/v2\/pages\/1273\/revisions"}],"wp:attachment":[{"href":"http:\/\/kiralyifalat.hu\/finomfalatok\/wp-json\/wp\/v2\/media?parent=1273"}],"curies":[{"name":"wp","href":"https:\/\/api.w.org\/{rel}","templated":true}]}}